{"id":1545,"date":"2022-03-09T17:28:14","date_gmt":"2022-03-09T15:28:14","guid":{"rendered":"https:\/\/legal4you.ro\/?page_id=1545"},"modified":"2022-03-15T11:02:23","modified_gmt":"2022-03-15T09:02:23","slug":"societati-comerciale-din-romania","status":"publish","type":"page","link":"https:\/\/legal4you.ro\/ro\/societati-comerciale-din-romania\/","title":{"rendered":"Societ\u0103\u021bi comerciale din Romania"},"content":{"rendered":"\n<style type=\"text\/css\" data-created_by=\"avia_inline_auto\" id=\"style-css-av-dg9sxl-649fd1ea7380136e3fe02d2f41dddb74\">\n.avia-section.av-dg9sxl-649fd1ea7380136e3fe02d2f41dddb74 .av-parallax .av-parallax-inner{\nbackground-repeat:no-repeat;\nbackground-image:url(https:\/\/legal4you.ro\/ro\/wp-content\/uploads\/2022\/03\/hero-international.jpg);\nbackground-position:50% 50%;\nbackground-attachment:scroll;\n}\n.avia-section.av-dg9sxl-649fd1ea7380136e3fe02d2f41dddb74 .av-section-color-overlay{\nopacity:0.5;\nbackground-color:#2e933c;\n}\n<\/style>\n<div id='av_section_1'  class='avia-section av-dg9sxl-649fd1ea7380136e3fe02d2f41dddb74 alternate_color avia-section-large avia-no-border-styling  avia-builder-el-0  el_before_av_section  avia-builder-el-first  avia-full-stretch av-parallax-section avia-bg-style-parallax av-section-color-overlay-active  av-minimum-height av-minimum-height-25  container_wrap fullsize'  data-section-bg-repeat='stretch' data-av_minimum_height_pc='25'><div class='av-parallax' data-avia-parallax-ratio='0.3' ><div class='av-parallax-inner alternate_color avia-full-stretch'><\/div><\/div><div class='av-section-color-overlay-wrap'><div class=\"av-section-color-overlay\"><\/div><div class='container av-section-cont-open' ><main  role=\"main\" itemprop=\"mainContentOfPage\"  class='template-page content  av-content-full alpha units'><div class='post-entry post-entry-type-page post-entry-1545'><div class='entry-content-wrapper clearfix'>\n\n<style type=\"text\/css\" data-created_by=\"avia_inline_auto\" id=\"style-css-av-d6rieh-7457f37ce3056d995586055bc652bc0f\">\n.flex_column.av-d6rieh-7457f37ce3056d995586055bc652bc0f{\npadding:0 5% 0 5%;\n}\n<\/style>\n<div class='flex_column av-d6rieh-7457f37ce3056d995586055bc652bc0f av_one_full  avia-builder-el-1  avia-builder-el-no-sibling  first flex_column_div  av-animated-generic top-to-bottom '   ><section class=\"av_textblock_section \"  itemscope=\"itemscope\" itemtype=\"https:\/\/schema.org\/CreativeWork\" ><div class='avia_textblock  '   itemprop=\"text\" ><h1 style=\"text-align: center;\">Societ\u0103\u021bi comerciale din Romania<br \/>\n(Start-up-uri \u0219i nu numai&#8230;..)<\/h1>\n<\/div><\/section><\/div>\n\n<\/div><\/div><\/main><!-- close content main element --><\/div><\/div><\/div>\n<style type=\"text\/css\" data-created_by=\"avia_inline_auto\" id=\"style-css-av-b3f3sp-8503aa789e57baca5608247de05d5be0\">\n.avia-section.av-b3f3sp-8503aa789e57baca5608247de05d5be0 .av-extra-border-element .av-extra-border-inner{\nbackground-color:#ffffff;\n}\n<\/style>\n<div id='av_section_2'  class='avia-section av-b3f3sp-8503aa789e57baca5608247de05d5be0 main_color avia-section-large avia-no-border-styling  avia-builder-el-3  el_after_av_section  el_before_av_section  avia-bg-style-scroll  av-arrow-down-section container_wrap fullsize'  ><div class='container av-section-cont-open' ><div class='template-page content  av-content-full alpha units'><div class='post-entry post-entry-type-page post-entry-1545'><div class='entry-content-wrapper clearfix'>\n<div class='flex_column av-919keh-2c154c844f041a24d14f32990c535626 av_one_full  avia-builder-el-4  avia-builder-el-no-sibling  first flex_column_div  av-animated-generic top-to-bottom '   ><section class=\"av_textblock_section \"  itemscope=\"itemscope\" itemtype=\"https:\/\/schema.org\/CreativeWork\" ><div class='avia_textblock  '   itemprop=\"text\" ><h3>Te-ai g\u00e2ndit s\u0103 \u00ee\u021bi deschizi o afacere?<\/h3>\n<p>\u00cen orice form\u0103 juridic\u0103 te putem ajut\u0103 \u00ee\u021bi inmatriculezi societatea la Registrul Comer\u021bului;<br \/>\nTe putem sus\u021bine cu \u00eentocmirea contractelor \u0219i acordurilor necesare desf\u0103\u0219ur\u0103rii activit\u0103\u021bii tale.<\/p>\n<\/div><\/section><\/div>\n\n<\/div><\/div><\/div><!-- close content main div --><\/div><div class='av-extra-border-element border-extra-arrow-down'><div class='av-extra-border-outer'><div class='av-extra-border-inner'><\/div><\/div><\/div><\/div>\n<style type=\"text\/css\" data-created_by=\"avia_inline_auto\" id=\"style-css-av-7y2lnd-9d366082f14937cdcc11763cd84467ac\">\n.avia-section.av-7y2lnd-9d366082f14937cdcc11763cd84467ac .av-extra-border-element .av-extra-border-inner{\nbackground-color:#2e933c;\n}\n<\/style>\n<div id='av_section_3'  class='avia-section av-7y2lnd-9d366082f14937cdcc11763cd84467ac alternate_color avia-section-large avia-no-border-styling  avia-builder-el-6  el_after_av_section  el_before_av_section  avia-bg-style-scroll  av-arrow-down-section container_wrap fullsize'  ><div class='container av-section-cont-open' ><div class='template-page content  av-content-full alpha units'><div class='post-entry post-entry-type-page post-entry-1545'><div class='entry-content-wrapper clearfix'>\n<div class='flex_column av-5kwbuh-3cc22bd856ffebd2fccf753dc2709000 av_one_full  avia-builder-el-7  avia-builder-el-no-sibling  first flex_column_div  av-animated-generic top-to-bottom '   ><section class=\"av_textblock_section \"  itemscope=\"itemscope\" itemtype=\"https:\/\/schema.org\/CreativeWork\" ><div class='avia_textblock  '   itemprop=\"text\" ><h3>Dac\u0103 de\u021bii o societate, \u00eenmatriculat\u0103 de mai mult timp, dar ai nevoie de \u00eendrumare, reg\u0103se\u0219ti mai jos, c\u00e2teva situa\u021bii \u00een care te putem ajut\u0103:<\/h3>\n<\/div><\/section><\/div>\n\n<\/div><\/div><\/div><!-- close content main div --><\/div><div class='av-extra-border-element border-extra-arrow-down'><div class='av-extra-border-outer'><div class='av-extra-border-inner'><\/div><\/div><\/div><\/div><div id='av_section_4'  class='avia-section av-4uhyvt-eecc8852ca95855dcd633688f219db80 main_color avia-section-large avia-no-border-styling  avia-builder-el-9  el_after_av_section  avia-builder-el-last  avia-bg-style-scroll  container_wrap fullsize'  ><div class='container av-section-cont-open' ><div class='template-page content  av-content-full alpha units'><div class='post-entry post-entry-type-page post-entry-1545'><div class='entry-content-wrapper clearfix'>\n<div class='flex_column av-2eko9l-cd3d852f7468a54666e658516b48ebd2 av_one_full  avia-builder-el-10  avia-builder-el-no-sibling  first flex_column_div  av-animated-generic top-to-bottom '   ><section class=\"av_textblock_section \"  itemscope=\"itemscope\" itemtype=\"https:\/\/schema.org\/CreativeWork\" ><div class='avia_textblock  '   itemprop=\"text\" ><p><strong>Real Estate<\/strong><\/p>\n<ul>\n<li>Contracte \u0219i acorduri imobiliare<\/li>\n<li>Acorduri legate de gestionarea propriet\u0103\u021bilor<\/li>\n<li>V\u00e2nzarea \u0219i achizi\u021bia de propriet\u0103\u021bi imobiliare<\/li>\n<li>Contracte de \u00eenchiriere comerciale \u0219i reziden\u021biale<\/li>\n<\/ul>\n<p><strong>Drept comercial \u0219i societar<\/strong><\/p>\n<ul>\n<li>Acorduri \u00eencheiate cu ac\u021bionarii<\/li>\n<li>Structurarea \u0219i negocierea contractelor<\/li>\n<li>Contracte comerciale\/acorduri<\/li>\n<li>Redactarea adreselor, comunic\u0103rilor<\/li>\n<li>Redactarea somatiilor, \u00een\u0219tiin\u021b\u0103rilor<\/li>\n<\/ul>\n<p><strong>Opera\u021biuni la Registrul Comer\u021bului<\/strong><\/p>\n<ul>\n<li>Major\u0103ri de capital social prin depuneri de capital, prin conversia crean\u021belor etc.<\/li>\n<li>Cesiuni de ac\u021biuni\/p\u0103r\u021bi sociale<\/li>\n<li>Declara\u021bii de beneficiar real, \u0219i practic orice actualiz\u0103ri ai nevoie!<\/li>\n<\/ul>\n<p><strong>Insolven\u021b\u0103<\/strong><\/p>\n<ul>\n<li>Demersuri de asisten\u021b\u0103<\/li>\n<li>Asistare \u00een rela\u021bia cu administratorul judiciar\/lichidatorul<\/li>\n<\/ul>\n<\/div><\/section><\/div>\n\n","protected":false},"excerpt":{"rendered":"","protected":false},"author":1,"featured_media":0,"parent":0,"menu_order":0,"comment_status":"closed","ping_status":"closed","template":"","meta":{"footnotes":""},"class_list":["post-1545","page","type-page","status-publish","hentry"],"yoast_head":"<!-- This site is optimized with the Yoast SEO plugin v27.4 - https:\/\/yoast.com\/product\/yoast-seo-wordpress\/ -->\n<title>Societ\u0103\u021bi comerciale din Romania | Legal4You<\/title>\n<meta name=\"robots\" content=\"index, follow, max-snippet:-1, max-image-preview:large, max-video-preview:-1\" \/>\n<link rel=\"canonical\" href=\"https:\/\/legal4you.ro\/ro\/societati-comerciale-din-romania\/\" \/>\n<meta property=\"og:locale\" content=\"ro_RO\" \/>\n<meta property=\"og:type\" content=\"article\" \/>\n<meta property=\"og:title\" content=\"Societ\u0103\u021bi comerciale din Romania | Legal4You\" \/>\n<meta property=\"og:url\" content=\"https:\/\/legal4you.ro\/ro\/societati-comerciale-din-romania\/\" \/>\n<meta property=\"og:site_name\" content=\"Legal4You\" \/>\n<meta property=\"article:modified_time\" content=\"2022-03-15T09:02:23+00:00\" \/>\n<meta name=\"twitter:card\" content=\"summary_large_image\" \/>\n<meta name=\"twitter:label1\" content=\"Timp estimat pentru citire\" \/>\n\t<meta name=\"twitter:data1\" content=\"10 minute\" \/>\n<script type=\"application\/ld+json\" class=\"yoast-schema-graph\">{\"@context\":\"https:\\\/\\\/schema.org\",\"@graph\":[{\"@type\":\"WebPage\",\"@id\":\"https:\\\/\\\/legal4you.ro\\\/ro\\\/societati-comerciale-din-romania\\\/\",\"url\":\"https:\\\/\\\/legal4you.ro\\\/ro\\\/societati-comerciale-din-romania\\\/\",\"name\":\"Societ\u0103\u021bi comerciale din Romania | Legal4You\",\"isPartOf\":{\"@id\":\"https:\\\/\\\/legal4you.ro\\\/ro\\\/#website\"},\"datePublished\":\"2022-03-09T15:28:14+00:00\",\"dateModified\":\"2022-03-15T09:02:23+00:00\",\"breadcrumb\":{\"@id\":\"https:\\\/\\\/legal4you.ro\\\/ro\\\/societati-comerciale-din-romania\\\/#breadcrumb\"},\"inLanguage\":\"ro-RO\",\"potentialAction\":[{\"@type\":\"ReadAction\",\"target\":[\"https:\\\/\\\/legal4you.ro\\\/ro\\\/societati-comerciale-din-romania\\\/\"]}]},{\"@type\":\"BreadcrumbList\",\"@id\":\"https:\\\/\\\/legal4you.ro\\\/ro\\\/societati-comerciale-din-romania\\\/#breadcrumb\",\"itemListElement\":[{\"@type\":\"ListItem\",\"position\":1,\"name\":\"Prima pagin\u0103\",\"item\":\"https:\\\/\\\/legal4you.ro\\\/ro\\\/home\\\/\"},{\"@type\":\"ListItem\",\"position\":2,\"name\":\"Societ\u0103\u021bi comerciale din Romania\"}]},{\"@type\":\"WebSite\",\"@id\":\"https:\\\/\\\/legal4you.ro\\\/ro\\\/#website\",\"url\":\"https:\\\/\\\/legal4you.ro\\\/ro\\\/\",\"name\":\"Legal4You\",\"description\":\"Performan\u021b\u0103 pentru tine \u0219i afacerea ta.\",\"publisher\":{\"@id\":\"https:\\\/\\\/legal4you.ro\\\/ro\\\/#organization\"},\"potentialAction\":[{\"@type\":\"SearchAction\",\"target\":{\"@type\":\"EntryPoint\",\"urlTemplate\":\"https:\\\/\\\/legal4you.ro\\\/ro\\\/?s={search_term_string}\"},\"query-input\":{\"@type\":\"PropertyValueSpecification\",\"valueRequired\":true,\"valueName\":\"search_term_string\"}}],\"inLanguage\":\"ro-RO\"},{\"@type\":\"Organization\",\"@id\":\"https:\\\/\\\/legal4you.ro\\\/ro\\\/#organization\",\"name\":\"SKY mHR\",\"url\":\"https:\\\/\\\/legal4you.ro\\\/ro\\\/\",\"logo\":{\"@type\":\"ImageObject\",\"inLanguage\":\"ro-RO\",\"@id\":\"https:\\\/\\\/legal4you.ro\\\/ro\\\/#\\\/schema\\\/logo\\\/image\\\/\",\"url\":\"https:\\\/\\\/skymhr.ro\\\/wp-content\\\/uploads\\\/2022\\\/02\\\/skymhr-logo-enfold-01.png\",\"contentUrl\":\"https:\\\/\\\/skymhr.ro\\\/wp-content\\\/uploads\\\/2022\\\/02\\\/skymhr-logo-enfold-01.png\",\"width\":709,\"height\":325,\"caption\":\"SKY mHR\"},\"image\":{\"@id\":\"https:\\\/\\\/legal4you.ro\\\/ro\\\/#\\\/schema\\\/logo\\\/image\\\/\"}}]}<\/script>\n<!-- \/ Yoast SEO plugin. -->","yoast_head_json":{"title":"Societ\u0103\u021bi comerciale din Romania | Legal4You","robots":{"index":"index","follow":"follow","max-snippet":"max-snippet:-1","max-image-preview":"max-image-preview:large","max-video-preview":"max-video-preview:-1"},"canonical":"https:\/\/legal4you.ro\/ro\/societati-comerciale-din-romania\/","og_locale":"ro_RO","og_type":"article","og_title":"Societ\u0103\u021bi comerciale din Romania | Legal4You","og_url":"https:\/\/legal4you.ro\/ro\/societati-comerciale-din-romania\/","og_site_name":"Legal4You","article_modified_time":"2022-03-15T09:02:23+00:00","twitter_card":"summary_large_image","twitter_misc":{"Timp estimat pentru citire":"10 minute"},"schema":{"@context":"https:\/\/schema.org","@graph":[{"@type":"WebPage","@id":"https:\/\/legal4you.ro\/ro\/societati-comerciale-din-romania\/","url":"https:\/\/legal4you.ro\/ro\/societati-comerciale-din-romania\/","name":"Societ\u0103\u021bi comerciale din Romania | Legal4You","isPartOf":{"@id":"https:\/\/legal4you.ro\/ro\/#website"},"datePublished":"2022-03-09T15:28:14+00:00","dateModified":"2022-03-15T09:02:23+00:00","breadcrumb":{"@id":"https:\/\/legal4you.ro\/ro\/societati-comerciale-din-romania\/#breadcrumb"},"inLanguage":"ro-RO","potentialAction":[{"@type":"ReadAction","target":["https:\/\/legal4you.ro\/ro\/societati-comerciale-din-romania\/"]}]},{"@type":"BreadcrumbList","@id":"https:\/\/legal4you.ro\/ro\/societati-comerciale-din-romania\/#breadcrumb","itemListElement":[{"@type":"ListItem","position":1,"name":"Prima pagin\u0103","item":"https:\/\/legal4you.ro\/ro\/home\/"},{"@type":"ListItem","position":2,"name":"Societ\u0103\u021bi comerciale din Romania"}]},{"@type":"WebSite","@id":"https:\/\/legal4you.ro\/ro\/#website","url":"https:\/\/legal4you.ro\/ro\/","name":"Legal4You","description":"Performan\u021b\u0103 pentru tine \u0219i afacerea ta.","publisher":{"@id":"https:\/\/legal4you.ro\/ro\/#organization"},"potentialAction":[{"@type":"SearchAction","target":{"@type":"EntryPoint","urlTemplate":"https:\/\/legal4you.ro\/ro\/?s={search_term_string}"},"query-input":{"@type":"PropertyValueSpecification","valueRequired":true,"valueName":"search_term_string"}}],"inLanguage":"ro-RO"},{"@type":"Organization","@id":"https:\/\/legal4you.ro\/ro\/#organization","name":"SKY mHR","url":"https:\/\/legal4you.ro\/ro\/","logo":{"@type":"ImageObject","inLanguage":"ro-RO","@id":"https:\/\/legal4you.ro\/ro\/#\/schema\/logo\/image\/","url":"https:\/\/skymhr.ro\/wp-content\/uploads\/2022\/02\/skymhr-logo-enfold-01.png","contentUrl":"https:\/\/skymhr.ro\/wp-content\/uploads\/2022\/02\/skymhr-logo-enfold-01.png","width":709,"height":325,"caption":"SKY mHR"},"image":{"@id":"https:\/\/legal4you.ro\/ro\/#\/schema\/logo\/image\/"}}]}},"_links":{"self":[{"href":"https:\/\/legal4you.ro\/ro\/wp-json\/wp\/v2\/pages\/1545","targetHints":{"allow":["GET"]}}],"collection":[{"href":"https:\/\/legal4you.ro\/ro\/wp-json\/wp\/v2\/pages"}],"about":[{"href":"https:\/\/legal4you.ro\/ro\/wp-json\/wp\/v2\/types\/page"}],"author":[{"embeddable":true,"href":"https:\/\/legal4you.ro\/ro\/wp-json\/wp\/v2\/users\/1"}],"replies":[{"embeddable":true,"href":"https:\/\/legal4you.ro\/ro\/wp-json\/wp\/v2\/comments?post=1545"}],"version-history":[{"count":0,"href":"https:\/\/legal4you.ro\/ro\/wp-json\/wp\/v2\/pages\/1545\/revisions"}],"wp:attachment":[{"href":"https:\/\/legal4you.ro\/ro\/wp-json\/wp\/v2\/media?parent=1545"}],"curies":[{"name":"wp","href":"https:\/\/api.w.org\/{rel}","templated":true}]}}