{"id":1547,"date":"2022-03-09T17:29:52","date_gmt":"2022-03-09T15:29:52","guid":{"rendered":"https:\/\/legal4you.ro\/?page_id=1547"},"modified":"2022-03-15T11:08:15","modified_gmt":"2022-03-15T09:08:15","slug":"traduceri","status":"publish","type":"page","link":"https:\/\/legal4you.ro\/ro\/traduceri\/","title":{"rendered":"Traduceri"},"content":{"rendered":"\n<style type=\"text\/css\" data-created_by=\"avia_inline_auto\" id=\"style-css-av-5j967v-272482f3b2c068c6eb8599f9b8848a51\">\n.avia-section.av-5j967v-272482f3b2c068c6eb8599f9b8848a51 .av-parallax .av-parallax-inner{\nbackground-repeat:no-repeat;\nbackground-image:url(https:\/\/legal4you.ro\/ro\/wp-content\/uploads\/2022\/03\/hero-international.jpg);\nbackground-position:50% 50%;\nbackground-attachment:scroll;\n}\n.avia-section.av-5j967v-272482f3b2c068c6eb8599f9b8848a51 .av-section-color-overlay{\nopacity:0.5;\nbackground-color:#2e933c;\n}\n<\/style>\n<div id='av_section_1'  class='avia-section av-5j967v-272482f3b2c068c6eb8599f9b8848a51 alternate_color avia-section-large avia-no-border-styling  avia-builder-el-0  el_before_av_section  avia-builder-el-first  avia-full-stretch av-parallax-section avia-bg-style-parallax av-section-color-overlay-active  av-minimum-height av-minimum-height-25  container_wrap fullsize'  data-section-bg-repeat='stretch' data-av_minimum_height_pc='25'><div class='av-parallax' data-avia-parallax-ratio='0.3' ><div class='av-parallax-inner alternate_color avia-full-stretch'><\/div><\/div><div class='av-section-color-overlay-wrap'><div class=\"av-section-color-overlay\"><\/div><div class='container av-section-cont-open' ><main  role=\"main\" itemprop=\"mainContentOfPage\"  class='template-page content  av-content-full alpha units'><div class='post-entry post-entry-type-page post-entry-1547'><div class='entry-content-wrapper clearfix'>\n\n<style type=\"text\/css\" data-created_by=\"avia_inline_auto\" id=\"style-css-av-4irxzf-756e87d938339dd1f11b5fbe73d69948\">\n.flex_column.av-4irxzf-756e87d938339dd1f11b5fbe73d69948{\npadding:0 5% 0 5%;\n}\n<\/style>\n<div class='flex_column av-4irxzf-756e87d938339dd1f11b5fbe73d69948 av_one_full  avia-builder-el-1  avia-builder-el-no-sibling  first flex_column_div  av-animated-generic top-to-bottom '   ><section class=\"av_textblock_section \"  itemscope=\"itemscope\" itemtype=\"https:\/\/schema.org\/CreativeWork\" ><div class='avia_textblock  '   itemprop=\"text\" ><h1 style=\"text-align: center;\">Traduceri<\/h1>\n<\/div><\/section><\/div>\n\n<\/div><\/div><\/main><!-- close content main element --><\/div><\/div><\/div><div id='av_section_2'  class='avia-section av-l0jpvfvy-e0f2c8d01b1c47c4ceb678216e626617 main_color avia-section-large avia-no-border-styling  avia-builder-el-3  el_after_av_section  avia-builder-el-last  avia-bg-style-scroll  container_wrap fullsize'  ><div class='container av-section-cont-open' ><div class='template-page content  av-content-full alpha units'><div class='post-entry post-entry-type-page post-entry-1547'><div class='entry-content-wrapper clearfix'>\n<div class='flex_column av-2ybu4b-db4361285be26ce7d5c7e6a1b2813fcb av_one_full  avia-builder-el-4  avia-builder-el-no-sibling  first flex_column_div  av-animated-generic top-to-bottom '   ><section class=\"av_textblock_section \"  itemscope=\"itemscope\" itemtype=\"https:\/\/schema.org\/CreativeWork\" ><div class='avia_textblock  '   itemprop=\"text\" ><p>Este evident c\u0103 derularea rela\u021biilor comerciale interna\u021bionale, presupun, nu de pu\u021bine ori traduceri ale documentelor, \u0219i pentru acest lucru te putem ajut\u0103 cu traduceri legalizate \u00een domeniul juridic pentru limba englez\u0103, limba francez\u0103, limba polonez\u0103, limba spaniol\u0103 etc.<\/p>\n<\/div><\/section><\/div>\n\n","protected":false},"excerpt":{"rendered":"","protected":false},"author":1,"featured_media":0,"parent":0,"menu_order":0,"comment_status":"closed","ping_status":"closed","template":"","meta":{"footnotes":""},"class_list":["post-1547","page","type-page","status-publish","hentry"],"yoast_head":"<!-- This site is optimized with the Yoast SEO plugin v27.4 - https:\/\/yoast.com\/product\/yoast-seo-wordpress\/ -->\n<title>Traduceri | Legal4You<\/title>\n<meta name=\"robots\" content=\"index, follow, max-snippet:-1, max-image-preview:large, max-video-preview:-1\" \/>\n<link rel=\"canonical\" href=\"https:\/\/legal4you.ro\/ro\/traduceri\/\" \/>\n<meta property=\"og:locale\" content=\"ro_RO\" \/>\n<meta property=\"og:type\" content=\"article\" \/>\n<meta property=\"og:title\" content=\"Traduceri | Legal4You\" \/>\n<meta property=\"og:url\" content=\"https:\/\/legal4you.ro\/ro\/traduceri\/\" \/>\n<meta property=\"og:site_name\" content=\"Legal4You\" \/>\n<meta property=\"article:modified_time\" content=\"2022-03-15T09:08:15+00:00\" \/>\n<meta name=\"twitter:card\" content=\"summary_large_image\" \/>\n<meta name=\"twitter:label1\" content=\"Timp estimat pentru citire\" \/>\n\t<meta name=\"twitter:data1\" content=\"5 minute\" \/>\n<script type=\"application\/ld+json\" class=\"yoast-schema-graph\">{\"@context\":\"https:\\\/\\\/schema.org\",\"@graph\":[{\"@type\":\"WebPage\",\"@id\":\"https:\\\/\\\/legal4you.ro\\\/ro\\\/traduceri\\\/\",\"url\":\"https:\\\/\\\/legal4you.ro\\\/ro\\\/traduceri\\\/\",\"name\":\"Traduceri | Legal4You\",\"isPartOf\":{\"@id\":\"https:\\\/\\\/legal4you.ro\\\/ro\\\/#website\"},\"datePublished\":\"2022-03-09T15:29:52+00:00\",\"dateModified\":\"2022-03-15T09:08:15+00:00\",\"breadcrumb\":{\"@id\":\"https:\\\/\\\/legal4you.ro\\\/ro\\\/traduceri\\\/#breadcrumb\"},\"inLanguage\":\"ro-RO\",\"potentialAction\":[{\"@type\":\"ReadAction\",\"target\":[\"https:\\\/\\\/legal4you.ro\\\/ro\\\/traduceri\\\/\"]}]},{\"@type\":\"BreadcrumbList\",\"@id\":\"https:\\\/\\\/legal4you.ro\\\/ro\\\/traduceri\\\/#breadcrumb\",\"itemListElement\":[{\"@type\":\"ListItem\",\"position\":1,\"name\":\"Prima pagin\u0103\",\"item\":\"https:\\\/\\\/legal4you.ro\\\/ro\\\/home\\\/\"},{\"@type\":\"ListItem\",\"position\":2,\"name\":\"Traduceri\"}]},{\"@type\":\"WebSite\",\"@id\":\"https:\\\/\\\/legal4you.ro\\\/ro\\\/#website\",\"url\":\"https:\\\/\\\/legal4you.ro\\\/ro\\\/\",\"name\":\"Legal4You\",\"description\":\"Performan\u021b\u0103 pentru tine \u0219i afacerea ta.\",\"publisher\":{\"@id\":\"https:\\\/\\\/legal4you.ro\\\/ro\\\/#organization\"},\"potentialAction\":[{\"@type\":\"SearchAction\",\"target\":{\"@type\":\"EntryPoint\",\"urlTemplate\":\"https:\\\/\\\/legal4you.ro\\\/ro\\\/?s={search_term_string}\"},\"query-input\":{\"@type\":\"PropertyValueSpecification\",\"valueRequired\":true,\"valueName\":\"search_term_string\"}}],\"inLanguage\":\"ro-RO\"},{\"@type\":\"Organization\",\"@id\":\"https:\\\/\\\/legal4you.ro\\\/ro\\\/#organization\",\"name\":\"SKY mHR\",\"url\":\"https:\\\/\\\/legal4you.ro\\\/ro\\\/\",\"logo\":{\"@type\":\"ImageObject\",\"inLanguage\":\"ro-RO\",\"@id\":\"https:\\\/\\\/legal4you.ro\\\/ro\\\/#\\\/schema\\\/logo\\\/image\\\/\",\"url\":\"https:\\\/\\\/skymhr.ro\\\/wp-content\\\/uploads\\\/2022\\\/02\\\/skymhr-logo-enfold-01.png\",\"contentUrl\":\"https:\\\/\\\/skymhr.ro\\\/wp-content\\\/uploads\\\/2022\\\/02\\\/skymhr-logo-enfold-01.png\",\"width\":709,\"height\":325,\"caption\":\"SKY mHR\"},\"image\":{\"@id\":\"https:\\\/\\\/legal4you.ro\\\/ro\\\/#\\\/schema\\\/logo\\\/image\\\/\"}}]}<\/script>\n<!-- \/ Yoast SEO plugin. -->","yoast_head_json":{"title":"Traduceri | Legal4You","robots":{"index":"index","follow":"follow","max-snippet":"max-snippet:-1","max-image-preview":"max-image-preview:large","max-video-preview":"max-video-preview:-1"},"canonical":"https:\/\/legal4you.ro\/ro\/traduceri\/","og_locale":"ro_RO","og_type":"article","og_title":"Traduceri | Legal4You","og_url":"https:\/\/legal4you.ro\/ro\/traduceri\/","og_site_name":"Legal4You","article_modified_time":"2022-03-15T09:08:15+00:00","twitter_card":"summary_large_image","twitter_misc":{"Timp estimat pentru citire":"5 minute"},"schema":{"@context":"https:\/\/schema.org","@graph":[{"@type":"WebPage","@id":"https:\/\/legal4you.ro\/ro\/traduceri\/","url":"https:\/\/legal4you.ro\/ro\/traduceri\/","name":"Traduceri | Legal4You","isPartOf":{"@id":"https:\/\/legal4you.ro\/ro\/#website"},"datePublished":"2022-03-09T15:29:52+00:00","dateModified":"2022-03-15T09:08:15+00:00","breadcrumb":{"@id":"https:\/\/legal4you.ro\/ro\/traduceri\/#breadcrumb"},"inLanguage":"ro-RO","potentialAction":[{"@type":"ReadAction","target":["https:\/\/legal4you.ro\/ro\/traduceri\/"]}]},{"@type":"BreadcrumbList","@id":"https:\/\/legal4you.ro\/ro\/traduceri\/#breadcrumb","itemListElement":[{"@type":"ListItem","position":1,"name":"Prima pagin\u0103","item":"https:\/\/legal4you.ro\/ro\/home\/"},{"@type":"ListItem","position":2,"name":"Traduceri"}]},{"@type":"WebSite","@id":"https:\/\/legal4you.ro\/ro\/#website","url":"https:\/\/legal4you.ro\/ro\/","name":"Legal4You","description":"Performan\u021b\u0103 pentru tine \u0219i afacerea ta.","publisher":{"@id":"https:\/\/legal4you.ro\/ro\/#organization"},"potentialAction":[{"@type":"SearchAction","target":{"@type":"EntryPoint","urlTemplate":"https:\/\/legal4you.ro\/ro\/?s={search_term_string}"},"query-input":{"@type":"PropertyValueSpecification","valueRequired":true,"valueName":"search_term_string"}}],"inLanguage":"ro-RO"},{"@type":"Organization","@id":"https:\/\/legal4you.ro\/ro\/#organization","name":"SKY mHR","url":"https:\/\/legal4you.ro\/ro\/","logo":{"@type":"ImageObject","inLanguage":"ro-RO","@id":"https:\/\/legal4you.ro\/ro\/#\/schema\/logo\/image\/","url":"https:\/\/skymhr.ro\/wp-content\/uploads\/2022\/02\/skymhr-logo-enfold-01.png","contentUrl":"https:\/\/skymhr.ro\/wp-content\/uploads\/2022\/02\/skymhr-logo-enfold-01.png","width":709,"height":325,"caption":"SKY mHR"},"image":{"@id":"https:\/\/legal4you.ro\/ro\/#\/schema\/logo\/image\/"}}]}},"_links":{"self":[{"href":"https:\/\/legal4you.ro\/ro\/wp-json\/wp\/v2\/pages\/1547","targetHints":{"allow":["GET"]}}],"collection":[{"href":"https:\/\/legal4you.ro\/ro\/wp-json\/wp\/v2\/pages"}],"about":[{"href":"https:\/\/legal4you.ro\/ro\/wp-json\/wp\/v2\/types\/page"}],"author":[{"embeddable":true,"href":"https:\/\/legal4you.ro\/ro\/wp-json\/wp\/v2\/users\/1"}],"replies":[{"embeddable":true,"href":"https:\/\/legal4you.ro\/ro\/wp-json\/wp\/v2\/comments?post=1547"}],"version-history":[{"count":0,"href":"https:\/\/legal4you.ro\/ro\/wp-json\/wp\/v2\/pages\/1547\/revisions"}],"wp:attachment":[{"href":"https:\/\/legal4you.ro\/ro\/wp-json\/wp\/v2\/media?parent=1547"}],"curies":[{"name":"wp","href":"https:\/\/api.w.org\/{rel}","templated":true}]}}