{"id":19,"date":"2021-10-25T09:17:01","date_gmt":"2021-10-25T09:17:01","guid":{"rendered":"https:\/\/promoterz.ro\/webstart\/?page_id=19"},"modified":"2022-03-24T15:48:08","modified_gmt":"2022-03-24T13:48:08","slug":"despre","status":"publish","type":"page","link":"https:\/\/legal4you.ro\/ro\/despre\/","title":{"rendered":"Despre"},"content":{"rendered":"\n<style type=\"text\/css\" data-created_by=\"avia_inline_auto\" id=\"style-css-av-kv9jnges-f14201b219b7a812ad4afa9cbb6adafe\">\n.avia-section.av-kv9jnges-f14201b219b7a812ad4afa9cbb6adafe{\nbackground-repeat:no-repeat;\nbackground-image:url(https:\/\/legal4you.ro\/ro\/wp-content\/uploads\/2022\/03\/hero-despre-green.jpg);\nbackground-position:50% 50%;\nbackground-attachment:fixed;\n}\n.avia-section.av-kv9jnges-f14201b219b7a812ad4afa9cbb6adafe .av-section-color-overlay{\nopacity:0.4;\nbackground-color:#ffffff;\n}\n<\/style>\n<div id='av_section_1'  class='avia-section av-kv9jnges-f14201b219b7a812ad4afa9cbb6adafe main_color avia-section-large avia-no-border-styling  avia-builder-el-0  el_before_av_layout_row  avia-builder-el-first  avia-full-stretch avia-bg-style-fixed av-section-color-overlay-active  av-minimum-height av-minimum-height-50  container_wrap fullsize'  data-section-bg-repeat='stretch' data-av_minimum_height_pc='50'><div class='av-section-color-overlay-wrap'><div class=\"av-section-color-overlay\"><\/div><div class='container av-section-cont-open' ><main  role=\"main\" itemprop=\"mainContentOfPage\"  class='template-page content  av-content-full alpha units'><div class='post-entry post-entry-type-page post-entry-19'><div class='entry-content-wrapper clearfix'>\n\n<style type=\"text\/css\" data-created_by=\"avia_inline_auto\" id=\"style-css-av-27e47-64cbfb3fb8a533cbe2b72f7c312ed977\">\n#top .flex_column.av-27e47-64cbfb3fb8a533cbe2b72f7c312ed977{\nmargin-top:-5%;\nmargin-bottom:0px;\n}\n.flex_column.av-27e47-64cbfb3fb8a533cbe2b72f7c312ed977{\npadding:0 10% 0 10%;\n}\n.responsive #top #wrap_all .flex_column.av-27e47-64cbfb3fb8a533cbe2b72f7c312ed977{\nmargin-top:-5%;\nmargin-bottom:0px;\n}\n<\/style>\n<div class='flex_column av-27e47-64cbfb3fb8a533cbe2b72f7c312ed977 av_one_full  avia-builder-el-1  avia-builder-el-no-sibling  first flex_column_div  av-animated-generic top-to-bottom '   ><section class=\"av_textblock_section \"  itemscope=\"itemscope\" itemtype=\"https:\/\/schema.org\/CreativeWork\" ><div class='avia_textblock  '   itemprop=\"text\" ><h2 style=\"text-align: center;\">Cine suntem, viziunea noastr\u0103<\/h2>\n<\/div><\/section><br \/>\n<section class=\"av_textblock_section \"  itemscope=\"itemscope\" itemtype=\"https:\/\/schema.org\/CreativeWork\" ><div class='avia_textblock  '   itemprop=\"text\" ><h3 style=\"text-align: center;\">Simplu \u0219i eficient \u2013 performan\u021b\u0103 pentru tine \u0219i afacerea ta.<\/h3>\n<\/div><\/section><\/p><\/div>\n\n<\/div><\/div><\/main><!-- close content main element --><\/div><\/div><\/div><div id='av-layout-grid-1'  class='av-layout-grid-container entry-content-wrapper main_color av-flex-cells     avia-builder-el-4  el_after_av_section  el_before_av_section  submenu-not-first container_wrap fullsize'  >\n<div class=\"flex_cell no_margin av_one_full  avia-builder-el-5  avia-builder-el-no-sibling   \"  style='vertical-align:top; padding:5% 15% 5% 15% ; ' ><div class='flex_cell_inner' ><p><div class='flex_column av-10gfr-bdd3bff28dff69e1e771b8062aa2bdd0 av_one_full  avia-builder-el-6  el_before_av_one_half  avia-builder-el-first  first flex_column_div '   ><p>\n<style type=\"text\/css\" data-created_by=\"avia_inline_auto\" id=\"style-css-av-av_hr-1cf00b9f4d53e34700ac19ec308e6946\">\n#top .hr.hr-invisible.av-av_hr-1cf00b9f4d53e34700ac19ec308e6946{\nheight:30px;\n}\n<\/style>\n<div  class='hr av-av_hr-1cf00b9f4d53e34700ac19ec308e6946 hr-invisible  avia-builder-el-7  el_before_av_textblock  avia-builder-el-first   av-desktop-hide av-medium-hide'><span class='hr-inner '><span class=\"hr-inner-style\"><\/span><\/span><\/div><br \/>\n<section class=\"av_textblock_section \"  itemscope=\"itemscope\" itemtype=\"https:\/\/schema.org\/CreativeWork\" ><div class='avia_textblock  '   itemprop=\"text\" ><h4 style=\"text-align: center;\">\u00cen ultimii 7 ani am acumulat experien\u021b\u0103 folositoare pentru companiile la \u00eenceput de drum dar \u0219i pentru cele care deruleaz\u0103 rela\u021bii comerciale de mai mult timp.<\/h4>\n<\/div><\/section><br \/>\n\n<style type=\"text\/css\" data-created_by=\"avia_inline_auto\" id=\"style-css-av-l151usbi-f627ac527070bed61d042e33059b1de7\">\n#top .hr.hr-invisible.av-l151usbi-f627ac527070bed61d042e33059b1de7{\nheight:30px;\n}\n<\/style>\n<div  class='hr av-l151usbi-f627ac527070bed61d042e33059b1de7 hr-invisible  avia-builder-el-9  el_after_av_textblock  avia-builder-el-last   av-desktop-hide av-medium-hide'><span class='hr-inner '><span class=\"hr-inner-style\"><\/span><\/span><\/div><\/p><\/div><div class='flex_column av-2puxj-c457e7f2e2774b48656f750f8bd5b43a av_one_half  avia-builder-el-10  el_after_av_one_full  el_before_av_one_half  first flex_column_div column-top-margin'   ><p>\n<style type=\"text\/css\" data-created_by=\"avia_inline_auto\" id=\"style-css-av-28lej-5a39d01974d222f47c99e22062e790dc\">\n.avia-image-container.av-28lej-5a39d01974d222f47c99e22062e790dc .av-image-caption-overlay-center{\ncolor:#ffffff;\n}\n<\/style>\n<div  class='avia-image-container av-28lej-5a39d01974d222f47c99e22062e790dc av-styling- avia-align-center  avia-builder-el-11  el_before_av_textblock  avia-builder-el-first  '  itemprop=\"image\" itemscope=\"itemscope\" itemtype=\"https:\/\/schema.org\/ImageObject\" ><div class=\"avia-image-container-inner\"><div class=\"avia-image-overlay-wrap\"><img decoding=\"async\" class='wp-image-1532 avia-img-lazy-loading-not-1532 avia_image' src=\"https:\/\/legal4you.ro\/ro\/wp-content\/uploads\/2022\/03\/rimania.png\" alt='' title='rimania'  height=\"498\" width=\"1040\"  itemprop=\"thumbnailUrl\" srcset=\"https:\/\/legal4you.ro\/ro\/wp-content\/uploads\/2022\/03\/rimania.png 1040w, https:\/\/legal4you.ro\/ro\/wp-content\/uploads\/2022\/03\/rimania-300x144.png 300w, https:\/\/legal4you.ro\/ro\/wp-content\/uploads\/2022\/03\/rimania-1030x493.png 1030w, https:\/\/legal4you.ro\/ro\/wp-content\/uploads\/2022\/03\/rimania-768x368.png 768w, https:\/\/legal4you.ro\/ro\/wp-content\/uploads\/2022\/03\/rimania-705x338.png 705w\" sizes=\"(max-width: 1040px) 100vw, 1040px\" \/><\/div><\/div><\/div><br \/>\n<section class=\"av_textblock_section \"  itemscope=\"itemscope\" itemtype=\"https:\/\/schema.org\/CreativeWork\" ><div class='avia_textblock  '   itemprop=\"text\" ><h3 style=\"text-align: center;\">\u00cen Rom\u00e2nia<\/h3>\n<p style=\"text-align: center;\">Pentru \u00eenceput te ajut\u0103m cu \u00eenmatricularea societ\u0103\u021bii tale, te sprijinim \u00een redactarea contractelor comerciale, comunic\u0103rilor, avizelor \u0219i acordurilor.\u00a0Practic pentru orice document pentru care te-ar ajuta opinia \u0219i sprijinul unui jurist, suntem aici pentru tine.<\/p>\n<\/div><\/section><\/p><\/div><div class='flex_column av-1lacz-ec9bf235f69926e7c8c904ddc27cb284 av_one_half  avia-builder-el-13  el_after_av_one_half  avia-builder-el-last  flex_column_div column-top-margin'   ><p>\n<style type=\"text\/css\" data-created_by=\"avia_inline_auto\" id=\"style-css-av-qx2n-2045d7ffc54f4204250d5ebf6ffd4576\">\n.avia-image-container.av-qx2n-2045d7ffc54f4204250d5ebf6ffd4576 .av-image-caption-overlay-center{\ncolor:#ffffff;\n}\n<\/style>\n<div  class='avia-image-container av-qx2n-2045d7ffc54f4204250d5ebf6ffd4576 av-styling- avia-align-center  avia-builder-el-14  el_before_av_textblock  avia-builder-el-first  '  itemprop=\"image\" itemscope=\"itemscope\" itemtype=\"https:\/\/schema.org\/ImageObject\" ><div class=\"avia-image-container-inner\"><div class=\"avia-image-overlay-wrap\"><img decoding=\"async\" class='wp-image-1533 avia-img-lazy-loading-not-1533 avia_image' src=\"https:\/\/legal4you.ro\/ro\/wp-content\/uploads\/2022\/03\/international.png\" alt='' title='international'  height=\"498\" width=\"1040\"  itemprop=\"thumbnailUrl\" srcset=\"https:\/\/legal4you.ro\/ro\/wp-content\/uploads\/2022\/03\/international.png 1040w, https:\/\/legal4you.ro\/ro\/wp-content\/uploads\/2022\/03\/international-300x144.png 300w, https:\/\/legal4you.ro\/ro\/wp-content\/uploads\/2022\/03\/international-1030x493.png 1030w, https:\/\/legal4you.ro\/ro\/wp-content\/uploads\/2022\/03\/international-768x368.png 768w, https:\/\/legal4you.ro\/ro\/wp-content\/uploads\/2022\/03\/international-705x338.png 705w\" sizes=\"(max-width: 1040px) 100vw, 1040px\" \/><\/div><\/div><\/div><br \/>\n<section class=\"av_textblock_section \"  itemscope=\"itemscope\" itemtype=\"https:\/\/schema.org\/CreativeWork\" ><div class='avia_textblock  '   itemprop=\"text\" ><h3 style=\"text-align: center;\"> Pe plan interna\u021bional<\/h3>\n<p style=\"text-align: center;\"> \u00cen derularea rela\u021biilor comerciale interna\u021bionale apar mereu situa\u021bii \u00een care \u021bi-ar folosi sprijinul unor juri\u0219ti.<br \/>\nPe de alt\u0103 parte, oric\u00e2nd apar a\u0219a zisele \u201cpiedici\u201d \u00een comunicare, \u00een recuperarea sumelor, \u00een primirea unui r\u0103spuns, \u00een reajustarea unei situa\u021bii, noi suntem aici s\u0103 te sprijim, cu tot ceea ce ai nevoie.<\/p>\n<\/div><\/section><\/p><\/div><\/p>\n<\/div><\/div><\/div>\n<style type=\"text\/css\" data-created_by=\"avia_inline_auto\" id=\"style-css-av-kzn3rit4-87323d1f844e00c1c40075f5b7f3f950\">\n.avia-section.av-kzn3rit4-87323d1f844e00c1c40075f5b7f3f950{\nbackground-repeat:no-repeat;\nbackground-image:url(https:\/\/legal4you.ro\/ro\/wp-content\/uploads\/2022\/03\/despre-bottom.jpg);\nbackground-position:50% 50%;\nbackground-attachment:fixed;\n}\n.avia-section.av-kzn3rit4-87323d1f844e00c1c40075f5b7f3f950 .av-section-color-overlay{\nopacity:0.2;\nbackground-color:#ffffff;\n}\n<\/style>\n<div id='av_section_2'  class='avia-section av-kzn3rit4-87323d1f844e00c1c40075f5b7f3f950 main_color avia-section-large avia-no-border-styling  avia-builder-el-16  el_after_av_layout_row  avia-builder-el-last  avia-full-stretch avia-bg-style-fixed av-section-color-overlay-active  av-minimum-height av-minimum-height-40  container_wrap fullsize'  data-section-bg-repeat='stretch' data-av_minimum_height_pc='40'><div class='av-section-color-overlay-wrap'><div class=\"av-section-color-overlay\"><\/div><div class='container av-section-cont-open' ><div class='template-page content  av-content-full alpha units'><div class='post-entry post-entry-type-page post-entry-19'><div class='entry-content-wrapper clearfix'>\n<div class='flex_column av-1y7y3-ea7ef1b564f39e143155c21e4f15b189 av_one_full  avia-builder-el-17  avia-builder-el-no-sibling  first flex_column_div  av-animated-generic top-to-bottom '   ><section class=\"av_textblock_section \"  itemscope=\"itemscope\" itemtype=\"https:\/\/schema.org\/CreativeWork\" ><div class='avia_textblock  '   itemprop=\"text\" ><h2 style=\"text-align: center;\">Get the job done!<\/h2>\n<p style=\"text-align: center;\"><strong>Practic a\u0219a ne place s\u0103 \u00eencheiem orice proiect sau orice colaborare, cu satisfac\u021bia clientului dar \u0219i a noastr\u0103!<\/strong><\/p>\n<\/div><\/section><br \/>\n<section class=\"av_textblock_section \"  itemscope=\"itemscope\" itemtype=\"https:\/\/schema.org\/CreativeWork\" ><div class='avia_textblock btngall '   itemprop=\"text\" ><p style=\"text-align: center;\"><a href=\"https:\/\/legal4you.ro\/contact\/\">Contacteaz\u0103-ne<\/a><\/p>\n<\/div><\/section><\/p><\/div>\n<\/p>\n","protected":false},"excerpt":{"rendered":"","protected":false},"author":1,"featured_media":0,"parent":0,"menu_order":0,"comment_status":"closed","ping_status":"closed","template":"","meta":{"footnotes":""},"class_list":["post-19","page","type-page","status-publish","hentry"],"yoast_head":"<!-- This site is optimized with the Yoast SEO plugin v27.4 - https:\/\/yoast.com\/product\/yoast-seo-wordpress\/ -->\n<title>Despre | Legal4You<\/title>\n<meta name=\"robots\" content=\"index, follow, max-snippet:-1, max-image-preview:large, max-video-preview:-1\" \/>\n<link rel=\"canonical\" href=\"https:\/\/legal4you.ro\/ro\/despre\/\" \/>\n<meta property=\"og:locale\" content=\"ro_RO\" \/>\n<meta property=\"og:type\" content=\"article\" \/>\n<meta property=\"og:title\" content=\"Despre | Legal4You\" \/>\n<meta property=\"og:url\" content=\"https:\/\/legal4you.ro\/ro\/despre\/\" \/>\n<meta property=\"og:site_name\" content=\"Legal4You\" \/>\n<meta property=\"article:modified_time\" content=\"2022-03-24T13:48:08+00:00\" \/>\n<meta name=\"twitter:card\" content=\"summary_large_image\" \/>\n<meta name=\"twitter:label1\" content=\"Timp estimat pentru citire\" \/>\n\t<meta name=\"twitter:data1\" content=\"12 minute\" \/>\n<script type=\"application\/ld+json\" class=\"yoast-schema-graph\">{\"@context\":\"https:\\\/\\\/schema.org\",\"@graph\":[{\"@type\":\"WebPage\",\"@id\":\"https:\\\/\\\/legal4you.ro\\\/ro\\\/despre\\\/\",\"url\":\"https:\\\/\\\/legal4you.ro\\\/ro\\\/despre\\\/\",\"name\":\"Despre | Legal4You\",\"isPartOf\":{\"@id\":\"https:\\\/\\\/legal4you.ro\\\/ro\\\/#website\"},\"datePublished\":\"2021-10-25T09:17:01+00:00\",\"dateModified\":\"2022-03-24T13:48:08+00:00\",\"breadcrumb\":{\"@id\":\"https:\\\/\\\/legal4you.ro\\\/ro\\\/despre\\\/#breadcrumb\"},\"inLanguage\":\"ro-RO\",\"potentialAction\":[{\"@type\":\"ReadAction\",\"target\":[\"https:\\\/\\\/legal4you.ro\\\/ro\\\/despre\\\/\"]}]},{\"@type\":\"BreadcrumbList\",\"@id\":\"https:\\\/\\\/legal4you.ro\\\/ro\\\/despre\\\/#breadcrumb\",\"itemListElement\":[{\"@type\":\"ListItem\",\"position\":1,\"name\":\"Prima pagin\u0103\",\"item\":\"https:\\\/\\\/legal4you.ro\\\/ro\\\/home\\\/\"},{\"@type\":\"ListItem\",\"position\":2,\"name\":\"Despre\"}]},{\"@type\":\"WebSite\",\"@id\":\"https:\\\/\\\/legal4you.ro\\\/ro\\\/#website\",\"url\":\"https:\\\/\\\/legal4you.ro\\\/ro\\\/\",\"name\":\"Legal4You\",\"description\":\"Performan\u021b\u0103 pentru tine \u0219i afacerea ta.\",\"publisher\":{\"@id\":\"https:\\\/\\\/legal4you.ro\\\/ro\\\/#organization\"},\"potentialAction\":[{\"@type\":\"SearchAction\",\"target\":{\"@type\":\"EntryPoint\",\"urlTemplate\":\"https:\\\/\\\/legal4you.ro\\\/ro\\\/?s={search_term_string}\"},\"query-input\":{\"@type\":\"PropertyValueSpecification\",\"valueRequired\":true,\"valueName\":\"search_term_string\"}}],\"inLanguage\":\"ro-RO\"},{\"@type\":\"Organization\",\"@id\":\"https:\\\/\\\/legal4you.ro\\\/ro\\\/#organization\",\"name\":\"SKY mHR\",\"url\":\"https:\\\/\\\/legal4you.ro\\\/ro\\\/\",\"logo\":{\"@type\":\"ImageObject\",\"inLanguage\":\"ro-RO\",\"@id\":\"https:\\\/\\\/legal4you.ro\\\/ro\\\/#\\\/schema\\\/logo\\\/image\\\/\",\"url\":\"https:\\\/\\\/skymhr.ro\\\/wp-content\\\/uploads\\\/2022\\\/02\\\/skymhr-logo-enfold-01.png\",\"contentUrl\":\"https:\\\/\\\/skymhr.ro\\\/wp-content\\\/uploads\\\/2022\\\/02\\\/skymhr-logo-enfold-01.png\",\"width\":709,\"height\":325,\"caption\":\"SKY mHR\"},\"image\":{\"@id\":\"https:\\\/\\\/legal4you.ro\\\/ro\\\/#\\\/schema\\\/logo\\\/image\\\/\"}}]}<\/script>\n<!-- \/ Yoast SEO plugin. -->","yoast_head_json":{"title":"Despre | Legal4You","robots":{"index":"index","follow":"follow","max-snippet":"max-snippet:-1","max-image-preview":"max-image-preview:large","max-video-preview":"max-video-preview:-1"},"canonical":"https:\/\/legal4you.ro\/ro\/despre\/","og_locale":"ro_RO","og_type":"article","og_title":"Despre | Legal4You","og_url":"https:\/\/legal4you.ro\/ro\/despre\/","og_site_name":"Legal4You","article_modified_time":"2022-03-24T13:48:08+00:00","twitter_card":"summary_large_image","twitter_misc":{"Timp estimat pentru citire":"12 minute"},"schema":{"@context":"https:\/\/schema.org","@graph":[{"@type":"WebPage","@id":"https:\/\/legal4you.ro\/ro\/despre\/","url":"https:\/\/legal4you.ro\/ro\/despre\/","name":"Despre | Legal4You","isPartOf":{"@id":"https:\/\/legal4you.ro\/ro\/#website"},"datePublished":"2021-10-25T09:17:01+00:00","dateModified":"2022-03-24T13:48:08+00:00","breadcrumb":{"@id":"https:\/\/legal4you.ro\/ro\/despre\/#breadcrumb"},"inLanguage":"ro-RO","potentialAction":[{"@type":"ReadAction","target":["https:\/\/legal4you.ro\/ro\/despre\/"]}]},{"@type":"BreadcrumbList","@id":"https:\/\/legal4you.ro\/ro\/despre\/#breadcrumb","itemListElement":[{"@type":"ListItem","position":1,"name":"Prima pagin\u0103","item":"https:\/\/legal4you.ro\/ro\/home\/"},{"@type":"ListItem","position":2,"name":"Despre"}]},{"@type":"WebSite","@id":"https:\/\/legal4you.ro\/ro\/#website","url":"https:\/\/legal4you.ro\/ro\/","name":"Legal4You","description":"Performan\u021b\u0103 pentru tine \u0219i afacerea ta.","publisher":{"@id":"https:\/\/legal4you.ro\/ro\/#organization"},"potentialAction":[{"@type":"SearchAction","target":{"@type":"EntryPoint","urlTemplate":"https:\/\/legal4you.ro\/ro\/?s={search_term_string}"},"query-input":{"@type":"PropertyValueSpecification","valueRequired":true,"valueName":"search_term_string"}}],"inLanguage":"ro-RO"},{"@type":"Organization","@id":"https:\/\/legal4you.ro\/ro\/#organization","name":"SKY mHR","url":"https:\/\/legal4you.ro\/ro\/","logo":{"@type":"ImageObject","inLanguage":"ro-RO","@id":"https:\/\/legal4you.ro\/ro\/#\/schema\/logo\/image\/","url":"https:\/\/skymhr.ro\/wp-content\/uploads\/2022\/02\/skymhr-logo-enfold-01.png","contentUrl":"https:\/\/skymhr.ro\/wp-content\/uploads\/2022\/02\/skymhr-logo-enfold-01.png","width":709,"height":325,"caption":"SKY mHR"},"image":{"@id":"https:\/\/legal4you.ro\/ro\/#\/schema\/logo\/image\/"}}]}},"_links":{"self":[{"href":"https:\/\/legal4you.ro\/ro\/wp-json\/wp\/v2\/pages\/19","targetHints":{"allow":["GET"]}}],"collection":[{"href":"https:\/\/legal4you.ro\/ro\/wp-json\/wp\/v2\/pages"}],"about":[{"href":"https:\/\/legal4you.ro\/ro\/wp-json\/wp\/v2\/types\/page"}],"author":[{"embeddable":true,"href":"https:\/\/legal4you.ro\/ro\/wp-json\/wp\/v2\/users\/1"}],"replies":[{"embeddable":true,"href":"https:\/\/legal4you.ro\/ro\/wp-json\/wp\/v2\/comments?post=19"}],"version-history":[{"count":0,"href":"https:\/\/legal4you.ro\/ro\/wp-json\/wp\/v2\/pages\/19\/revisions"}],"wp:attachment":[{"href":"https:\/\/legal4you.ro\/ro\/wp-json\/wp\/v2\/media?parent=19"}],"curies":[{"name":"wp","href":"https:\/\/api.w.org\/{rel}","templated":true}]}}