{"id":21,"date":"2021-10-25T09:17:20","date_gmt":"2021-10-25T07:17:20","guid":{"rendered":"https:\/\/promoterz.ro\/webstart\/?page_id=21"},"modified":"2022-03-15T11:06:30","modified_gmt":"2022-03-15T09:06:30","slug":"relatii-comerciale-internationale","status":"publish","type":"page","link":"https:\/\/legal4you.ro\/ro\/relatii-comerciale-internationale\/","title":{"rendered":"Relatii comerciale internationale"},"content":{"rendered":"\n<style type=\"text\/css\" data-created_by=\"avia_inline_auto\" id=\"style-css-av-kjn0t-95d9a52723616e5c70ec9d70d6aff9e5\">\n.avia-section.av-kjn0t-95d9a52723616e5c70ec9d70d6aff9e5 .av-parallax .av-parallax-inner{\nbackground-repeat:no-repeat;\nbackground-image:url(https:\/\/legal4you.ro\/ro\/wp-content\/uploads\/2022\/03\/hero-international.jpg);\nbackground-position:50% 50%;\nbackground-attachment:scroll;\n}\n.avia-section.av-kjn0t-95d9a52723616e5c70ec9d70d6aff9e5 .av-section-color-overlay{\nopacity:0.5;\nbackground-color:#2e933c;\n}\n<\/style>\n<div id='av_section_1'  class='avia-section av-kjn0t-95d9a52723616e5c70ec9d70d6aff9e5 alternate_color avia-section-large avia-no-border-styling  avia-builder-el-0  el_before_av_section  avia-builder-el-first  avia-full-stretch av-parallax-section avia-bg-style-parallax av-section-color-overlay-active  av-minimum-height av-minimum-height-25  container_wrap fullsize'  data-section-bg-repeat='stretch' data-av_minimum_height_pc='25'><div class='av-parallax' data-avia-parallax-ratio='0.3' ><div class='av-parallax-inner alternate_color avia-full-stretch'><\/div><\/div><div class='av-section-color-overlay-wrap'><div class=\"av-section-color-overlay\"><\/div><div class='container av-section-cont-open' ><main  role=\"main\" itemprop=\"mainContentOfPage\"  class='template-page content  av-content-full alpha units'><div class='post-entry post-entry-type-page post-entry-21'><div class='entry-content-wrapper clearfix'>\n\n<style type=\"text\/css\" data-created_by=\"avia_inline_auto\" id=\"style-css-av-k29y1-ebe6624f2f92188288ce8a66237ecb9b\">\n.flex_column.av-k29y1-ebe6624f2f92188288ce8a66237ecb9b{\npadding:0 5% 0 5%;\n}\n<\/style>\n<div class='flex_column av-k29y1-ebe6624f2f92188288ce8a66237ecb9b av_one_full  avia-builder-el-1  avia-builder-el-no-sibling  first flex_column_div  av-animated-generic top-to-bottom '   ><section class=\"av_textblock_section \"  itemscope=\"itemscope\" itemtype=\"https:\/\/schema.org\/CreativeWork\" ><div class='avia_textblock  '   itemprop=\"text\" ><h1 style=\"text-align: center;\">Rela\u021bii comerciale interna\u021bionale<\/h1>\n<\/div><\/section><\/div>\n\n<\/div><\/div><\/main><!-- close content main element --><\/div><\/div><\/div>\n<style type=\"text\/css\" data-created_by=\"avia_inline_auto\" id=\"style-css-av-l0a0zh2m-d7ddd37f4fa85884a1578c56bbe2e544\">\n.avia-section.av-l0a0zh2m-d7ddd37f4fa85884a1578c56bbe2e544 .av-extra-border-element .av-extra-border-inner{\nbackground-color:#ffffff;\n}\n<\/style>\n<div id='av_section_2'  class='avia-section av-l0a0zh2m-d7ddd37f4fa85884a1578c56bbe2e544 main_color avia-section-large avia-no-border-styling  avia-builder-el-3  el_after_av_section  el_before_av_section  avia-bg-style-scroll  av-arrow-down-section container_wrap fullsize'  ><div class='container av-section-cont-open' ><div class='template-page content  av-content-full alpha units'><div class='post-entry post-entry-type-page post-entry-21'><div class='entry-content-wrapper clearfix'>\n<div class='flex_column av-147gx-54fa1c00f23c7d8b072e37e044291410 av_one_full  avia-builder-el-4  avia-builder-el-no-sibling  first flex_column_div  av-animated-generic top-to-bottom '   ><section class=\"av_textblock_section \"  itemscope=\"itemscope\" itemtype=\"https:\/\/schema.org\/CreativeWork\" ><div class='avia_textblock  '   itemprop=\"text\" ><h3>E\u0219ti o societate european\u0103 \u0219i \u00ee\u021bi planifici s\u0103 te extinzi \u00een Rom\u00e2nia?<\/h3>\n<p>Perfect! Te sus\u021binem cu deschiderea unei <strong>SUCURSALE<\/strong> \u0219i a tuturor avizelor \u0219i documentelor necesare.<\/p>\n<\/div><\/section><\/div>\n\n<\/div><\/div><\/div><!-- close content main div --><\/div><div class='av-extra-border-element border-extra-arrow-down'><div class='av-extra-border-outer'><div class='av-extra-border-inner'><\/div><\/div><\/div><\/div>\n<style type=\"text\/css\" data-created_by=\"avia_inline_auto\" id=\"style-css-av-kzq0hsr8-9a03d147f7c62d5ec91b3db158099d7b\">\n.avia-section.av-kzq0hsr8-9a03d147f7c62d5ec91b3db158099d7b .av-extra-border-element .av-extra-border-inner{\nbackground-color:#2e933c;\n}\n<\/style>\n<div id='av_section_3'  class='avia-section av-kzq0hsr8-9a03d147f7c62d5ec91b3db158099d7b alternate_color avia-section-large avia-no-border-styling  avia-builder-el-6  el_after_av_section  el_before_av_section  avia-bg-style-scroll  av-arrow-down-section container_wrap fullsize'  ><div class='container av-section-cont-open' ><div class='template-page content  av-content-full alpha units'><div class='post-entry post-entry-type-page post-entry-21'><div class='entry-content-wrapper clearfix'>\n<div class='flex_column av-1uy1p-019c900e9e75628fd4009a56287eb132 av_one_full  avia-builder-el-7  avia-builder-el-no-sibling  first flex_column_div  av-animated-generic top-to-bottom '   ><section class=\"av_textblock_section \"  itemscope=\"itemscope\" itemtype=\"https:\/\/schema.org\/CreativeWork\" ><div class='avia_textblock  '   itemprop=\"text\" ><h3>E\u0219\u021bi o societate din Rom\u00e2nia, ai rela\u021bii comerciale europene cu alte state UE \u0219i \u021bi-ar prinde bine un sprijin \u00een redactarea contractelor ?<\/h3>\n<p>Super! Lucr\u0103m pe mai multe tipuri de Contracte Interna\u021bionale, cu o structura general\u0103 pe care o putem adapta \u00een func\u021bie de necesitatea ta \u0219i \u021b\u00een\u00e2nd cont de legisla\u021bia din Rom\u00e2nia dar \u0219i de normele de drept interna\u021bional privat.<\/p>\n<\/div><\/section><\/div>\n\n<\/div><\/div><\/div><!-- close content main div --><\/div><div class='av-extra-border-element border-extra-arrow-down'><div class='av-extra-border-outer'><div class='av-extra-border-inner'><\/div><\/div><\/div><\/div><div id='av_section_4'  class='avia-section av-1ggtt-d5e033d134535ed536704d6115ea0d6a main_color avia-section-large avia-no-border-styling  avia-builder-el-9  el_after_av_section  avia-builder-el-last  avia-bg-style-scroll  container_wrap fullsize'  ><div class='container av-section-cont-open' ><div class='template-page content  av-content-full alpha units'><div class='post-entry post-entry-type-page post-entry-21'><div class='entry-content-wrapper clearfix'>\n<div class='flex_column av-po61-b83b2195e5ecfa42adafe5b3243a89ea av_one_full  avia-builder-el-10  avia-builder-el-no-sibling  first flex_column_div  av-animated-generic top-to-bottom '   ><section class=\"av_textblock_section \"  itemscope=\"itemscope\" itemtype=\"https:\/\/schema.org\/CreativeWork\" ><div class='avia_textblock  '   itemprop=\"text\" ><h3>E\u0219\u021bi o societate din Rom\u00e2nia \u0219i \u00ee\u021bi planifici s\u0103 te extinzi la nivel mondial?<\/h3>\n<p>Propunem s\u0103 te ini\u021biem \u00een acest sens, lucr\u0103m pe categorii de Contracte Interna\u021bionale, avizate de Camera de Comer\u021b Interna\u021bional (Interna\u021bional Chamber of Commerce &#8211; ICC), adaptate de noi pentru orice afacere pe care vrei s\u0103 o ini\u021biezi la nivel mondial. Aten\u021bie \u00eens\u0103, practic categoriile de contracte fundamentale pentru start up-uri trebuie dublu adaptate:<\/p>\n<ul>\n<li>La specificul activit\u0103\u021bii pe care urmeaz\u0103 s\u0103 o desf\u0103\u0219ori \u00een alt\u0103 \u021bar\u0103 din lume;<\/li>\n<li>La specificul legisla\u021biei \u021b\u0103rii unde contractul va produce efectele sale principale;<\/li>\n<li>Pentru Start-up-uri la nivel interna\u021bional putem s\u0103 te ajut\u0103m cu:\n<ul>\n<li>Contracte de munc\u0103 (\u00een stare brut\u0103);<\/li>\n<li>Acorduri de confiden\u021bialitate (Non Disclosure Agreements);<\/li>\n<li>Acorduri ale ac\u021bionarilor;<\/li>\n<li>Acorduri cu managementul \u0219i altele.<\/li>\n<\/ul>\n<\/li>\n<\/ul>\n<\/div><\/section><\/div>\n","protected":false},"excerpt":{"rendered":"","protected":false},"author":1,"featured_media":0,"parent":0,"menu_order":0,"comment_status":"closed","ping_status":"closed","template":"","meta":{"footnotes":""},"class_list":["post-21","page","type-page","status-publish","hentry"],"yoast_head":"<!-- This site is optimized with the Yoast SEO plugin v27.4 - https:\/\/yoast.com\/product\/yoast-seo-wordpress\/ -->\n<title>Relatii comerciale internationale | Legal4You<\/title>\n<meta name=\"robots\" content=\"index, follow, max-snippet:-1, max-image-preview:large, max-video-preview:-1\" \/>\n<link rel=\"canonical\" href=\"https:\/\/legal4you.ro\/ro\/relatii-comerciale-internationale\/\" \/>\n<meta property=\"og:locale\" content=\"ro_RO\" \/>\n<meta property=\"og:type\" content=\"article\" \/>\n<meta property=\"og:title\" content=\"Relatii comerciale internationale | Legal4You\" \/>\n<meta property=\"og:url\" content=\"https:\/\/legal4you.ro\/ro\/relatii-comerciale-internationale\/\" \/>\n<meta property=\"og:site_name\" content=\"Legal4You\" \/>\n<meta property=\"article:modified_time\" content=\"2022-03-15T09:06:30+00:00\" \/>\n<meta name=\"twitter:card\" content=\"summary_large_image\" \/>\n<meta name=\"twitter:label1\" content=\"Timp estimat pentru citire\" \/>\n\t<meta name=\"twitter:data1\" content=\"6 minute\" \/>\n<script type=\"application\/ld+json\" class=\"yoast-schema-graph\">{\"@context\":\"https:\\\/\\\/schema.org\",\"@graph\":[{\"@type\":\"WebPage\",\"@id\":\"https:\\\/\\\/legal4you.ro\\\/ro\\\/relatii-comerciale-internationale\\\/\",\"url\":\"https:\\\/\\\/legal4you.ro\\\/ro\\\/relatii-comerciale-internationale\\\/\",\"name\":\"Relatii comerciale internationale | Legal4You\",\"isPartOf\":{\"@id\":\"https:\\\/\\\/legal4you.ro\\\/ro\\\/#website\"},\"datePublished\":\"2021-10-25T07:17:20+00:00\",\"dateModified\":\"2022-03-15T09:06:30+00:00\",\"breadcrumb\":{\"@id\":\"https:\\\/\\\/legal4you.ro\\\/ro\\\/relatii-comerciale-internationale\\\/#breadcrumb\"},\"inLanguage\":\"ro-RO\",\"potentialAction\":[{\"@type\":\"ReadAction\",\"target\":[\"https:\\\/\\\/legal4you.ro\\\/ro\\\/relatii-comerciale-internationale\\\/\"]}]},{\"@type\":\"BreadcrumbList\",\"@id\":\"https:\\\/\\\/legal4you.ro\\\/ro\\\/relatii-comerciale-internationale\\\/#breadcrumb\",\"itemListElement\":[{\"@type\":\"ListItem\",\"position\":1,\"name\":\"Prima pagin\u0103\",\"item\":\"https:\\\/\\\/legal4you.ro\\\/ro\\\/home\\\/\"},{\"@type\":\"ListItem\",\"position\":2,\"name\":\"Relatii comerciale internationale\"}]},{\"@type\":\"WebSite\",\"@id\":\"https:\\\/\\\/legal4you.ro\\\/ro\\\/#website\",\"url\":\"https:\\\/\\\/legal4you.ro\\\/ro\\\/\",\"name\":\"Legal4You\",\"description\":\"Performan\u021b\u0103 pentru tine \u0219i afacerea ta.\",\"publisher\":{\"@id\":\"https:\\\/\\\/legal4you.ro\\\/ro\\\/#organization\"},\"potentialAction\":[{\"@type\":\"SearchAction\",\"target\":{\"@type\":\"EntryPoint\",\"urlTemplate\":\"https:\\\/\\\/legal4you.ro\\\/ro\\\/?s={search_term_string}\"},\"query-input\":{\"@type\":\"PropertyValueSpecification\",\"valueRequired\":true,\"valueName\":\"search_term_string\"}}],\"inLanguage\":\"ro-RO\"},{\"@type\":\"Organization\",\"@id\":\"https:\\\/\\\/legal4you.ro\\\/ro\\\/#organization\",\"name\":\"SKY mHR\",\"url\":\"https:\\\/\\\/legal4you.ro\\\/ro\\\/\",\"logo\":{\"@type\":\"ImageObject\",\"inLanguage\":\"ro-RO\",\"@id\":\"https:\\\/\\\/legal4you.ro\\\/ro\\\/#\\\/schema\\\/logo\\\/image\\\/\",\"url\":\"https:\\\/\\\/skymhr.ro\\\/wp-content\\\/uploads\\\/2022\\\/02\\\/skymhr-logo-enfold-01.png\",\"contentUrl\":\"https:\\\/\\\/skymhr.ro\\\/wp-content\\\/uploads\\\/2022\\\/02\\\/skymhr-logo-enfold-01.png\",\"width\":709,\"height\":325,\"caption\":\"SKY mHR\"},\"image\":{\"@id\":\"https:\\\/\\\/legal4you.ro\\\/ro\\\/#\\\/schema\\\/logo\\\/image\\\/\"}}]}<\/script>\n<!-- \/ Yoast SEO plugin. -->","yoast_head_json":{"title":"Relatii comerciale internationale | Legal4You","robots":{"index":"index","follow":"follow","max-snippet":"max-snippet:-1","max-image-preview":"max-image-preview:large","max-video-preview":"max-video-preview:-1"},"canonical":"https:\/\/legal4you.ro\/ro\/relatii-comerciale-internationale\/","og_locale":"ro_RO","og_type":"article","og_title":"Relatii comerciale internationale | Legal4You","og_url":"https:\/\/legal4you.ro\/ro\/relatii-comerciale-internationale\/","og_site_name":"Legal4You","article_modified_time":"2022-03-15T09:06:30+00:00","twitter_card":"summary_large_image","twitter_misc":{"Timp estimat pentru citire":"6 minute"},"schema":{"@context":"https:\/\/schema.org","@graph":[{"@type":"WebPage","@id":"https:\/\/legal4you.ro\/ro\/relatii-comerciale-internationale\/","url":"https:\/\/legal4you.ro\/ro\/relatii-comerciale-internationale\/","name":"Relatii comerciale internationale | Legal4You","isPartOf":{"@id":"https:\/\/legal4you.ro\/ro\/#website"},"datePublished":"2021-10-25T07:17:20+00:00","dateModified":"2022-03-15T09:06:30+00:00","breadcrumb":{"@id":"https:\/\/legal4you.ro\/ro\/relatii-comerciale-internationale\/#breadcrumb"},"inLanguage":"ro-RO","potentialAction":[{"@type":"ReadAction","target":["https:\/\/legal4you.ro\/ro\/relatii-comerciale-internationale\/"]}]},{"@type":"BreadcrumbList","@id":"https:\/\/legal4you.ro\/ro\/relatii-comerciale-internationale\/#breadcrumb","itemListElement":[{"@type":"ListItem","position":1,"name":"Prima pagin\u0103","item":"https:\/\/legal4you.ro\/ro\/home\/"},{"@type":"ListItem","position":2,"name":"Relatii comerciale internationale"}]},{"@type":"WebSite","@id":"https:\/\/legal4you.ro\/ro\/#website","url":"https:\/\/legal4you.ro\/ro\/","name":"Legal4You","description":"Performan\u021b\u0103 pentru tine \u0219i afacerea ta.","publisher":{"@id":"https:\/\/legal4you.ro\/ro\/#organization"},"potentialAction":[{"@type":"SearchAction","target":{"@type":"EntryPoint","urlTemplate":"https:\/\/legal4you.ro\/ro\/?s={search_term_string}"},"query-input":{"@type":"PropertyValueSpecification","valueRequired":true,"valueName":"search_term_string"}}],"inLanguage":"ro-RO"},{"@type":"Organization","@id":"https:\/\/legal4you.ro\/ro\/#organization","name":"SKY mHR","url":"https:\/\/legal4you.ro\/ro\/","logo":{"@type":"ImageObject","inLanguage":"ro-RO","@id":"https:\/\/legal4you.ro\/ro\/#\/schema\/logo\/image\/","url":"https:\/\/skymhr.ro\/wp-content\/uploads\/2022\/02\/skymhr-logo-enfold-01.png","contentUrl":"https:\/\/skymhr.ro\/wp-content\/uploads\/2022\/02\/skymhr-logo-enfold-01.png","width":709,"height":325,"caption":"SKY mHR"},"image":{"@id":"https:\/\/legal4you.ro\/ro\/#\/schema\/logo\/image\/"}}]}},"_links":{"self":[{"href":"https:\/\/legal4you.ro\/ro\/wp-json\/wp\/v2\/pages\/21","targetHints":{"allow":["GET"]}}],"collection":[{"href":"https:\/\/legal4you.ro\/ro\/wp-json\/wp\/v2\/pages"}],"about":[{"href":"https:\/\/legal4you.ro\/ro\/wp-json\/wp\/v2\/types\/page"}],"author":[{"embeddable":true,"href":"https:\/\/legal4you.ro\/ro\/wp-json\/wp\/v2\/users\/1"}],"replies":[{"embeddable":true,"href":"https:\/\/legal4you.ro\/ro\/wp-json\/wp\/v2\/comments?post=21"}],"version-history":[{"count":0,"href":"https:\/\/legal4you.ro\/ro\/wp-json\/wp\/v2\/pages\/21\/revisions"}],"wp:attachment":[{"href":"https:\/\/legal4you.ro\/ro\/wp-json\/wp\/v2\/media?parent=21"}],"curies":[{"name":"wp","href":"https:\/\/api.w.org\/{rel}","templated":true}]}}