{"id":25,"date":"2021-10-25T09:18:02","date_gmt":"2021-10-25T09:18:02","guid":{"rendered":"https:\/\/promoterz.ro\/webstart\/?page_id=25"},"modified":"2025-09-23T10:00:44","modified_gmt":"2025-09-23T08:00:44","slug":"contact","status":"publish","type":"page","link":"https:\/\/legal4you.ro\/ro\/contact\/","title":{"rendered":"Contact"},"content":{"rendered":"\n<style type=\"text\/css\" data-created_by=\"avia_inline_auto\" id=\"style-css-av-c94nh-a832d9155623f917fa2bac66318ed59c\">\n.avia-section.av-c94nh-a832d9155623f917fa2bac66318ed59c .av-parallax .av-parallax-inner{\nbackground-repeat:no-repeat;\nbackground-image:url(https:\/\/legal4you.ro\/ro\/wp-content\/uploads\/2022\/03\/contact-hero.jpg);\nbackground-position:50% 50%;\nbackground-attachment:scroll;\n}\n<\/style>\n<div id='av_section_1'  class='avia-section av-c94nh-a832d9155623f917fa2bac66318ed59c main_color avia-section-large avia-no-border-styling  avia-builder-el-0  el_before_av_section  avia-builder-el-first  avia-full-stretch av-parallax-section avia-bg-style-parallax  av-medium-hide av-small-hide av-mini-hide av-minimum-height av-minimum-height-35  container_wrap fullsize'  data-section-bg-repeat='stretch' data-av_minimum_height_pc='35'><div class='av-parallax' data-avia-parallax-ratio='0.3' ><div class='av-parallax-inner main_color avia-full-stretch'><\/div><\/div><div class='container av-section-cont-open' ><main  role=\"main\" itemprop=\"mainContentOfPage\"  class='template-page content  av-content-full alpha units'><div class='post-entry post-entry-type-page post-entry-25'><div class='entry-content-wrapper clearfix'>\n\n<style type=\"text\/css\" data-created_by=\"avia_inline_auto\" id=\"style-css-av-bftsh-0984eb72408c9e9b82be1de724d0e3de\">\n#top .flex_column.av-bftsh-0984eb72408c9e9b82be1de724d0e3de{\nmargin-top:-5%;\nmargin-bottom:0px;\n}\n.flex_column.av-bftsh-0984eb72408c9e9b82be1de724d0e3de{\npadding:3% 10% 0 10%;\n}\n.responsive #top #wrap_all .flex_column.av-bftsh-0984eb72408c9e9b82be1de724d0e3de{\nmargin-top:-5%;\nmargin-bottom:0px;\n}\n<\/style>\n<div class='flex_column av-bftsh-0984eb72408c9e9b82be1de724d0e3de av_one_full  avia-builder-el-1  el_before_av_hr  avia-builder-el-first  first flex_column_div  av-animated-generic top-to-bottom '   ><section class=\"av_textblock_section \"  itemscope=\"itemscope\" itemtype=\"https:\/\/schema.org\/CreativeWork\" ><div class='avia_textblock  '   itemprop=\"text\" ><h1 style=\"text-align: center;\">Contact<\/h1>\n<\/div><\/section><br \/>\n<section class=\"av_textblock_section \"  itemscope=\"itemscope\" itemtype=\"https:\/\/schema.org\/CreativeWork\" ><div class='avia_textblock  '   itemprop=\"text\" ><h3 style=\"text-align: center;\">\u00ce\u021bi ur\u0103m success \u00een tot ceea ce dore\u0219ti s\u0103 \u00eentreprinzi!<\/h3>\n<\/div><\/section><\/p><\/div>\n<style type=\"text\/css\" data-created_by=\"avia_inline_auto\" id=\"style-css-av-kzn4w1ul-7b148b5310593cd3fbc816727de3c338\">\n#top .hr.hr-invisible.av-kzn4w1ul-7b148b5310593cd3fbc816727de3c338{\nheight:50px;\n}\n<\/style>\n<div  class='hr av-kzn4w1ul-7b148b5310593cd3fbc816727de3c338 hr-invisible  avia-builder-el-4  el_after_av_one_full  avia-builder-el-last  '><span class='hr-inner '><span class=\"hr-inner-style\"><\/span><\/span><\/div>\n\n<\/div><\/div><\/main><!-- close content main element --><\/div><\/div>\n<style type=\"text\/css\" data-created_by=\"avia_inline_auto\" id=\"style-css-av-kvhujjt3-83da0d0cd34782983007beea46398447\">\n.avia-section.av-kvhujjt3-83da0d0cd34782983007beea46398447{\nbackground-repeat:no-repeat;\nbackground-image:url(https:\/\/legal4you.ro\/ro\/wp-content\/uploads\/2022\/03\/contact-hero.jpg);\nbackground-position:50% 50%;\nbackground-attachment:scroll;\n}\n<\/style>\n<div id='av_section_2'  class='avia-section av-kvhujjt3-83da0d0cd34782983007beea46398447 main_color avia-section-large avia-no-border-styling  avia-builder-el-5  el_after_av_section  el_before_av_section  avia-full-stretch avia-bg-style-scroll  av-desktop-hide container_wrap fullsize'  data-section-bg-repeat='stretch'><div class='container av-section-cont-open' ><div class='template-page content  av-content-full alpha units'><div class='post-entry post-entry-type-page post-entry-25'><div class='entry-content-wrapper clearfix'>\n\n<style type=\"text\/css\" data-created_by=\"avia_inline_auto\" id=\"style-css-av-48jj5-a87146066c3ad1177e2b55dec252cecc\">\n.flex_column.av-48jj5-a87146066c3ad1177e2b55dec252cecc{\npadding:0 10% 0 10%;\n}\n<\/style>\n<div class='flex_column av-48jj5-a87146066c3ad1177e2b55dec252cecc av_one_full  avia-builder-el-6  avia-builder-el-no-sibling  first flex_column_div '   ><section class=\"av_textblock_section \"  itemscope=\"itemscope\" itemtype=\"https:\/\/schema.org\/CreativeWork\" ><div class='avia_textblock  '   itemprop=\"text\" ><h1 style=\"text-align: center;\">Contact<\/h1>\n<\/div><\/section><br \/>\n<section class=\"av_textblock_section \"  itemscope=\"itemscope\" itemtype=\"https:\/\/schema.org\/CreativeWork\" ><div class='avia_textblock  '   itemprop=\"text\" ><h3 style=\"text-align: center;\">\u00ce\u021bi ur\u0103m success \u00een tot ceea ce dore\u0219ti s\u0103 \u00eentreprinzi!<\/h3>\n<\/div><\/section><\/p><\/div>\n\n<\/div><\/div><\/div><!-- close content main div --><\/div><\/div><div id='av_section_3'  class='avia-section av-15qy9-31606fcda3ef59740f1490ffcb3de3fe main_color avia-section-large avia-no-border-styling  avia-builder-el-9  el_after_av_section  el_before_av_section  avia-bg-style-scroll  av-medium-hide av-small-hide av-mini-hide container_wrap fullsize'  ><div class='container av-section-cont-open' ><div class='template-page content  av-content-full alpha units'><div class='post-entry post-entry-type-page post-entry-25'><div class='entry-content-wrapper clearfix'>\n\n<style type=\"text\/css\" data-created_by=\"avia_inline_auto\" id=\"style-css-av-kvc9mcwh-ca769ef9fc04c1a673d85e4694498747\">\n#top .flex_column.av-kvc9mcwh-ca769ef9fc04c1a673d85e4694498747{\nmargin-top:-10%;\nmargin-bottom:0px;\n}\n.flex_column.av-kvc9mcwh-ca769ef9fc04c1a673d85e4694498747{\npadding:5% 5% 5% 5%;\n}\n.responsive #top #wrap_all .flex_column.av-kvc9mcwh-ca769ef9fc04c1a673d85e4694498747{\nmargin-top:-10%;\nmargin-bottom:0px;\n}\n<\/style>\n<div class='flex_column av-kvc9mcwh-ca769ef9fc04c1a673d85e4694498747 av_one_full  avia-builder-el-10  avia-builder-el-no-sibling  dropsdw first flex_column_div  av-animated-generic pop-up '   ><div  class='avia-icon-grid-container    avia-builder-el-11  avia-builder-el-no-sibling '><ul id='avia-icongrid-69e394f1d51d1' class='clearfix avia-icongrid avia-icongrid-flipbox  avia-icongrid-numrow-3 avia-icongrid-borders-between avia_animate_when_almost_visible' >\n<li><div class='avia-icongrid-wrapper' ><article  class=\"article-icon-entry av-icongrid-empty\"  itemscope=\"itemscope\" itemtype=\"https:\/\/schema.org\/CreativeWork\" ><div class='avia-icongrid-front' style='padding:20% ; '><div class='avia-icongrid-inner'><div style='color:#011627; ' class='avia-icongrid-icon  avia-font-entypo-fontello'><span class='icongrid-char ' aria-hidden='true' data-av_icon='\ue821' data-av_iconfont='entypo-fontello'><\/span><\/div><header class=\"entry-content-header\"><h4 class='av_icongrid_title icongrid_title  '  itemprop=\"headline\"  >Adresa<\/h4><h6 class='av_icongrid_subtitle icongrid_subtitle '  >str. Cugir nr. 6, Timi\u0219oara<\/h6><\/header><\/div><\/div><div class='avia-icongrid-content' style='padding:20% ; '><div class='avia-icongrid-inner' ><div class='avia-icongrid-text '  itemprop=\"text\" ><\/div><\/div><\/div><\/article><\/div><\/li>\n<li><div class='avia-icongrid-wrapper' ><article  class=\"article-icon-entry av-icongrid-empty\"  itemscope=\"itemscope\" itemtype=\"https:\/\/schema.org\/CreativeWork\" ><div class='avia-icongrid-front' style='padding:20% ; '><div class='avia-icongrid-inner'><div style='color:#011627; ' class='avia-icongrid-icon  avia-font-entypo-fontello'><span class='icongrid-char ' aria-hidden='true' data-av_icon='\ue805' data-av_iconfont='entypo-fontello'><\/span><\/div><header class=\"entry-content-header\"><h4 class='av_icongrid_title icongrid_title  '  itemprop=\"headline\"  >Mail<\/h4><h6 class='av_icongrid_subtitle icongrid_subtitle '  >andreea.bora2017@gmail.com<\/h6><\/header><\/div><\/div><div class='avia-icongrid-content' style='padding:20% ; '><div class='avia-icongrid-inner' ><div class='avia-icongrid-text '  itemprop=\"text\" ><\/div><\/div><\/div><\/article><\/div><\/li>\n<li><div class='avia-icongrid-wrapper' ><article  class=\"article-icon-entry av-icongrid-empty\"  itemscope=\"itemscope\" itemtype=\"https:\/\/schema.org\/CreativeWork\" ><div class='avia-icongrid-front' style='padding:20% ; '><div class='avia-icongrid-inner'><div style='color:#011627; ' class='avia-icongrid-icon  avia-font-entypo-fontello'><span class='icongrid-char ' aria-hidden='true' data-av_icon='\ue854' data-av_iconfont='entypo-fontello'><\/span><\/div><header class=\"entry-content-header\"><h4 class='av_icongrid_title icongrid_title  '  itemprop=\"headline\"  >Telefon<\/h4><h6 class='av_icongrid_subtitle icongrid_subtitle '  >0799 457 135<\/h6><\/header><\/div><\/div><div class='avia-icongrid-content' style='padding:20% ; '><div class='avia-icongrid-inner' ><div class='avia-icongrid-text '  itemprop=\"text\" ><\/div><\/div><\/div><\/article><\/div><\/li>\n<\/ul><\/div><\/div><\/div><\/div><\/div><!-- close content main div --><\/div><\/div><div id='av_section_4'  class='avia-section av-kvhuk25v-7bc03e249e23f8e7a5b8a0d5090a0494 main_color avia-section-default avia-no-border-styling  avia-builder-el-12  el_after_av_section  el_before_av_layout_row  avia-bg-style-scroll  av-desktop-hide container_wrap fullsize'  ><div class='container av-section-cont-open' ><div class='template-page content  av-content-full alpha units'><div class='post-entry post-entry-type-page post-entry-25'><div class='entry-content-wrapper clearfix'>\n\n<style type=\"text\/css\" data-created_by=\"avia_inline_auto\" id=\"style-css-av-kvhum8cf-f90dc8ce9b3d2eacfc7993039c706a8d\">\n#top .flex_column.av-kvhum8cf-f90dc8ce9b3d2eacfc7993039c706a8d{\nmargin-top:-100px;\nmargin-bottom:0px;\n}\n.flex_column.av-kvhum8cf-f90dc8ce9b3d2eacfc7993039c706a8d{\npadding:30px 30px 30px 30px;\n}\n.responsive #top #wrap_all .flex_column.av-kvhum8cf-f90dc8ce9b3d2eacfc7993039c706a8d{\nmargin-top:-100px;\nmargin-bottom:0px;\n}\n<\/style>\n<div class='flex_column av-kvhum8cf-f90dc8ce9b3d2eacfc7993039c706a8d av_one_full  avia-builder-el-13  avia-builder-el-no-sibling  dropsdw first flex_column_div '   ><p>\n<style type=\"text\/css\" data-created_by=\"avia_inline_auto\" id=\"style-css-av-40xax-ce5de602d2403a5ad43773136068c246\">\n#top .hr.hr-invisible.av-40xax-ce5de602d2403a5ad43773136068c246{\nheight:15px;\n}\n<\/style>\n<div  class='hr av-40xax-ce5de602d2403a5ad43773136068c246 hr-invisible  avia-builder-el-14  el_before_av_font_icon  avia-builder-el-first  '><span class='hr-inner '><span class=\"hr-inner-style\"><\/span><\/span><\/div><br \/>\n\n<style type=\"text\/css\" data-created_by=\"avia_inline_auto\" id=\"style-css-av-2t6m1-cf2dd63e25e591344cfcd62b4a54d15b\">\n.av_font_icon.av-2t6m1-cf2dd63e25e591344cfcd62b4a54d15b{\ncolor:#011627;\nborder-color:#011627;\n}\n.av_font_icon.av-2t6m1-cf2dd63e25e591344cfcd62b4a54d15b .av-icon-char{\nfont-size:40px;\nline-height:40px;\n}\n<\/style>\n<span  class=\"av_font_icon av-2t6m1-cf2dd63e25e591344cfcd62b4a54d15b avia_animate_when_visible av-icon-style- avia-icon-pos-center avia-icon-animate \"><span class='av-icon-char' aria-hidden='true' data-av_icon='\ue821' data-av_iconfont='entypo-fontello' ><\/span><\/span><br \/>\n\n<style type=\"text\/css\" data-created_by=\"avia_inline_auto\" id=\"style-css-av-3dmvl-1c7106634717f8a37e7174b06c2ca9f6\">\n#top .hr.hr-invisible.av-3dmvl-1c7106634717f8a37e7174b06c2ca9f6{\nheight:15px;\n}\n<\/style>\n<div  class='hr av-3dmvl-1c7106634717f8a37e7174b06c2ca9f6 hr-invisible  avia-builder-el-16  el_after_av_font_icon  el_before_av_textblock  '><span class='hr-inner '><span class=\"hr-inner-style\"><\/span><\/span><\/div><br \/>\n<section class=\"av_textblock_section \"  itemscope=\"itemscope\" itemtype=\"https:\/\/schema.org\/CreativeWork\" ><div class='avia_textblock  '   itemprop=\"text\" ><h3 style=\"text-align: center;\">Adresa:<\/h3>\n<p style=\"text-align: center;\">str. Cugir nr. 6, Timi\u0219oara<\/p>\n<\/div><\/section><br \/>\n\n<style type=\"text\/css\" data-created_by=\"avia_inline_auto\" id=\"style-css-av-2wbq9-d182b1ce433146d03e383a7045d0f062\">\n#top .hr.av-2wbq9-d182b1ce433146d03e383a7045d0f062{\nmargin-top:30px;\nmargin-bottom:30px;\n}\n.hr.av-2wbq9-d182b1ce433146d03e383a7045d0f062 .hr-inner{\nwidth:70%;\n}\n<\/style>\n<div  class='hr av-2wbq9-d182b1ce433146d03e383a7045d0f062 hr-custom  avia-builder-el-18  el_after_av_textblock  el_before_av_font_icon  hr-center hr-icon-no '><span class='hr-inner inner-border-av-border-thin'><span class=\"hr-inner-style\"><\/span><\/span><\/div><br \/>\n\n<style type=\"text\/css\" data-created_by=\"avia_inline_auto\" id=\"style-css-av-1vicd-97ca9617e2f574d7280780663a87fb30\">\n.av_font_icon.av-1vicd-97ca9617e2f574d7280780663a87fb30{\ncolor:#011627;\nborder-color:#011627;\n}\n.av_font_icon.av-1vicd-97ca9617e2f574d7280780663a87fb30 .av-icon-char{\nfont-size:40px;\nline-height:40px;\n}\n<\/style>\n<span  class=\"av_font_icon av-1vicd-97ca9617e2f574d7280780663a87fb30 avia_animate_when_visible av-icon-style- avia-icon-pos-center avia-icon-animate \"><span class='av-icon-char' aria-hidden='true' data-av_icon='\ue805' data-av_iconfont='entypo-fontello' ><\/span><\/span><br \/>\n\n<style type=\"text\/css\" data-created_by=\"avia_inline_auto\" id=\"style-css-av-1nz4h-6cb1ee61e56fcc27f43669949a60aa65\">\n#top .hr.hr-invisible.av-1nz4h-6cb1ee61e56fcc27f43669949a60aa65{\nheight:15px;\n}\n<\/style>\n<div  class='hr av-1nz4h-6cb1ee61e56fcc27f43669949a60aa65 hr-invisible  avia-builder-el-20  el_after_av_font_icon  el_before_av_textblock  '><span class='hr-inner '><span class=\"hr-inner-style\"><\/span><\/span><\/div><br \/>\n<section class=\"av_textblock_section \"  itemscope=\"itemscope\" itemtype=\"https:\/\/schema.org\/CreativeWork\" ><div class='avia_textblock  '   itemprop=\"text\" ><h3 style=\"text-align: center;\">Mail:<\/h3>\n<p style=\"text-align: center;\">andreea.bora2017@gmail.com<\/p>\n<\/div><\/section><br \/>\n\n<style type=\"text\/css\" data-created_by=\"avia_inline_auto\" id=\"style-css-av-kvhuvb3q-a20addb88c0742b603b90faa9a5e136a\">\n#top .hr.av-kvhuvb3q-a20addb88c0742b603b90faa9a5e136a{\nmargin-top:30px;\nmargin-bottom:30px;\n}\n.hr.av-kvhuvb3q-a20addb88c0742b603b90faa9a5e136a .hr-inner{\nwidth:70%;\n}\n<\/style>\n<div  class='hr av-kvhuvb3q-a20addb88c0742b603b90faa9a5e136a hr-custom  avia-builder-el-22  el_after_av_textblock  el_before_av_font_icon  hr-center hr-icon-no '><span class='hr-inner inner-border-av-border-thin'><span class=\"hr-inner-style\"><\/span><\/span><\/div><br \/>\n\n<style type=\"text\/css\" data-created_by=\"avia_inline_auto\" id=\"style-css-av-kvhuqt7f-3e19d156b1b0e36ab1633f8947a86498\">\n.av_font_icon.av-kvhuqt7f-3e19d156b1b0e36ab1633f8947a86498{\ncolor:#011627;\nborder-color:#011627;\n}\n.av_font_icon.av-kvhuqt7f-3e19d156b1b0e36ab1633f8947a86498 .av-icon-char{\nfont-size:40px;\nline-height:40px;\n}\n<\/style>\n<span  class=\"av_font_icon av-kvhuqt7f-3e19d156b1b0e36ab1633f8947a86498 avia_animate_when_visible av-icon-style- avia-icon-pos-center avia-icon-animate \"><span class='av-icon-char' aria-hidden='true' data-av_icon='\ue854' data-av_iconfont='entypo-fontello' ><\/span><\/span><br \/>\n\n<style type=\"text\/css\" data-created_by=\"avia_inline_auto\" id=\"style-css-av-16u5d-e0f00974f1458bcd482d72cdaca32d7b\">\n#top .hr.hr-invisible.av-16u5d-e0f00974f1458bcd482d72cdaca32d7b{\nheight:15px;\n}\n<\/style>\n<div  class='hr av-16u5d-e0f00974f1458bcd482d72cdaca32d7b hr-invisible  avia-builder-el-24  el_after_av_font_icon  el_before_av_textblock  '><span class='hr-inner '><span class=\"hr-inner-style\"><\/span><\/span><\/div><br \/>\n<section class=\"av_textblock_section \"  itemscope=\"itemscope\" itemtype=\"https:\/\/schema.org\/CreativeWork\" ><div class='avia_textblock  '   itemprop=\"text\" ><h3 style=\"text-align: center;\">Telefon:<\/h3>\n<p style=\"text-align: center;\">0799 457 135\u202c<\/p>\n<\/div><\/section><br \/>\n\n<style type=\"text\/css\" data-created_by=\"avia_inline_auto\" id=\"style-css-av-1wvvp-a859f262c18cc34fb6f77ffa6c6419bb\">\n#top .hr.hr-invisible.av-1wvvp-a859f262c18cc34fb6f77ffa6c6419bb{\nheight:15px;\n}\n<\/style>\n<div  class='hr av-1wvvp-a859f262c18cc34fb6f77ffa6c6419bb hr-invisible  avia-builder-el-26  el_after_av_textblock  avia-builder-el-last  '><span class='hr-inner '><span class=\"hr-inner-style\"><\/span><\/span><\/div><\/p><\/div>\n<\/p>\n<\/div><\/div><\/div><!-- close content main div --><\/div><\/div><div id='av-layout-grid-1'  class='av-layout-grid-container entry-content-wrapper main_color av-flex-cells     avia-builder-el-27  el_after_av_section  avia-builder-el-last  submenu-not-first container_wrap fullsize'  >\n<div class=\"flex_cell no_margin av_one_full  avia-builder-el-28  avia-builder-el-no-sibling   \"  style='vertical-align:middle; padding:2% 8% 5% 8% ; ' ><div class='flex_cell_inner' ><p><div class='flex_column_table av-13jv1-5c301d9f7a040c9513026a601e08d7e7 sc-av_one_half av-equal-height-column-flextable'><div class='flex_column av-13jv1-5c301d9f7a040c9513026a601e08d7e7 av_one_half  avia-builder-el-29  el_before_av_one_half  avia-builder-el-first  first flex_column_table_cell av-equal-height-column av-align-middle  av-animated-generic top-to-bottom '   ><section class=\"av_textblock_section \"  itemscope=\"itemscope\" itemtype=\"https:\/\/schema.org\/CreativeWork\" ><div class='avia_textblock  '   itemprop=\"text\" ><h2 style=\"text-align: center;\">Contacteaz\u0103-ne!<\/h2>\n<p style=\"text-align: center;\">Te a\u0219tept\u0103m s\u0103 discut\u0103m mai detaliat despre proiectul t\u0103u.<\/p>\n<\/div><\/section><br \/>\n<form action=\"https:\/\/legal4you.ro\/ro\/contact\/\" method=\"post\"  class=\"avia_ajax_form av-form-labels-hidden   avia-builder-el-31  el_after_av_textblock  avia-builder-el-last  av-centered-form  av-custom-form-color av-dark-form \" data-avia-form-id=\"1\" data-avia-redirect='https:\/\/legal4you.ro\/ro\/msjtrms\/' ><fieldset><p class='  first_form  form_element form_fullwidth' id='element_avia_1_1'><label for=\"avia_1_1\">Nume <abbr class=\"required\" title=\"required\">*<\/abbr><\/label> <input name=\"avia_1_1\" class=\"text_input is_empty\" type=\"text\" id=\"avia_1_1\" value=\"\"  placeholder='Nume*'\/><\/p><p class='  first_form  form_element form_fullwidth' id='element_avia_2_1'><label for=\"avia_2_1\">Telefon <abbr class=\"required\" title=\"required\">*<\/abbr><\/label> <input name=\"avia_2_1\" class=\"text_input is_empty\" type=\"text\" id=\"avia_2_1\" value=\"\"  placeholder='Telefon*'\/><\/p><p class='  first_form  form_element form_fullwidth' id='element_avia_3_1'><label for=\"avia_3_1\">Mail <abbr class=\"required\" title=\"required\">*<\/abbr><\/label> <input name=\"avia_3_1\" class=\"text_input is_empty\" type=\"text\" id=\"avia_3_1\" value=\"\"  placeholder='Mail*'\/><\/p><p class='  first_form  form_element form_fullwidth' id='element_avia_4_1'><label for=\"avia_4_1\" class=\"textare_label hidden textare_label_avia_4_1\">Mesaj <abbr class=\"required\" title=\"required\">*<\/abbr><\/label><textarea  placeholder='Mesaj*' name=\"avia_4_1\" class=\"text_area is_empty\" cols=\"40\" rows=\"7\" id=\"avia_4_1\" ><\/textarea><\/p><p class=\"hidden\"><input type=\"text\" name=\"avia_5_1\" class=\"hidden \" id=\"avia_5_1\" value=\"\" \/><\/p><p class=' av_form_privacy_check av_contact_privacy_check first_form  form_element form_fullwidth' id='element_avia_6_1'><input  name=\"avia_6_1\" class=\"input_checkbox is_empty\" type=\"checkbox\" id=\"avia_6_1\" value=\"true\"\/><label class=\"input_checkbox_label\" for=\"avia_6_1\">Sunt de acord cu transmiterea datelor completate c\u0103tre Legal4You. <abbr class=\"required\" title=\"required\">*<\/abbr><\/label><\/p><p class=\"form_element \"><input type=\"hidden\" value=\"1\" name=\"avia_generated_form1\" \/><input type=\"submit\" value=\"Trimite\" class=\"button\"  data-sending-label=\"Sending\"\/><\/p><\/fieldset><\/form><div id=\"ajaxresponse_1\" class=\"ajaxresponse ajaxresponse_1 hidden\"><\/div><\/p><\/div><div class='av-flex-placeholder'><\/div><div class='flex_column av-255y9-5ed82eb7efed383896086e16a44381aa av_one_half  avia-builder-el-32  el_after_av_one_half  avia-builder-el-last  flex_column_table_cell av-equal-height-column av-align-middle  av-animated-generic fade-in av-zero-column-padding avia-full-stretch '   ><\/div><\/div><!--close column table wrapper. Autoclose: 1 --><\/p>\n<\/div><\/div>\n<\/div>\n","protected":false},"excerpt":{"rendered":"","protected":false},"author":1,"featured_media":0,"parent":0,"menu_order":0,"comment_status":"closed","ping_status":"closed","template":"","meta":{"footnotes":""},"class_list":["post-25","page","type-page","status-publish","hentry"],"yoast_head":"<!-- This site is optimized with the Yoast SEO plugin v27.4 - https:\/\/yoast.com\/product\/yoast-seo-wordpress\/ -->\n<title>Contact | Legal4You<\/title>\n<meta name=\"robots\" content=\"index, follow, max-snippet:-1, max-image-preview:large, max-video-preview:-1\" \/>\n<link rel=\"canonical\" href=\"https:\/\/legal4you.ro\/ro\/contact\/\" \/>\n<meta property=\"og:locale\" content=\"ro_RO\" \/>\n<meta property=\"og:type\" content=\"article\" \/>\n<meta property=\"og:title\" content=\"Contact | Legal4You\" \/>\n<meta property=\"og:url\" content=\"https:\/\/legal4you.ro\/ro\/contact\/\" \/>\n<meta property=\"og:site_name\" content=\"Legal4You\" \/>\n<meta property=\"article:modified_time\" content=\"2025-09-23T08:00:44+00:00\" \/>\n<meta name=\"twitter:card\" content=\"summary_large_image\" \/>\n<meta name=\"twitter:label1\" content=\"Timp estimat pentru citire\" \/>\n\t<meta name=\"twitter:data1\" content=\"7 minute\" \/>\n<script type=\"application\/ld+json\" class=\"yoast-schema-graph\">{\"@context\":\"https:\\\/\\\/schema.org\",\"@graph\":[{\"@type\":\"WebPage\",\"@id\":\"https:\\\/\\\/legal4you.ro\\\/ro\\\/contact\\\/\",\"url\":\"https:\\\/\\\/legal4you.ro\\\/ro\\\/contact\\\/\",\"name\":\"Contact | Legal4You\",\"isPartOf\":{\"@id\":\"https:\\\/\\\/legal4you.ro\\\/ro\\\/#website\"},\"datePublished\":\"2021-10-25T09:18:02+00:00\",\"dateModified\":\"2025-09-23T08:00:44+00:00\",\"breadcrumb\":{\"@id\":\"https:\\\/\\\/legal4you.ro\\\/ro\\\/contact\\\/#breadcrumb\"},\"inLanguage\":\"ro-RO\",\"potentialAction\":[{\"@type\":\"ReadAction\",\"target\":[\"https:\\\/\\\/legal4you.ro\\\/ro\\\/contact\\\/\"]}]},{\"@type\":\"BreadcrumbList\",\"@id\":\"https:\\\/\\\/legal4you.ro\\\/ro\\\/contact\\\/#breadcrumb\",\"itemListElement\":[{\"@type\":\"ListItem\",\"position\":1,\"name\":\"Prima pagin\u0103\",\"item\":\"https:\\\/\\\/legal4you.ro\\\/ro\\\/home\\\/\"},{\"@type\":\"ListItem\",\"position\":2,\"name\":\"Contact\"}]},{\"@type\":\"WebSite\",\"@id\":\"https:\\\/\\\/legal4you.ro\\\/ro\\\/#website\",\"url\":\"https:\\\/\\\/legal4you.ro\\\/ro\\\/\",\"name\":\"Legal4You\",\"description\":\"Performan\u021b\u0103 pentru tine \u0219i afacerea ta.\",\"publisher\":{\"@id\":\"https:\\\/\\\/legal4you.ro\\\/ro\\\/#organization\"},\"potentialAction\":[{\"@type\":\"SearchAction\",\"target\":{\"@type\":\"EntryPoint\",\"urlTemplate\":\"https:\\\/\\\/legal4you.ro\\\/ro\\\/?s={search_term_string}\"},\"query-input\":{\"@type\":\"PropertyValueSpecification\",\"valueRequired\":true,\"valueName\":\"search_term_string\"}}],\"inLanguage\":\"ro-RO\"},{\"@type\":\"Organization\",\"@id\":\"https:\\\/\\\/legal4you.ro\\\/ro\\\/#organization\",\"name\":\"SKY mHR\",\"url\":\"https:\\\/\\\/legal4you.ro\\\/ro\\\/\",\"logo\":{\"@type\":\"ImageObject\",\"inLanguage\":\"ro-RO\",\"@id\":\"https:\\\/\\\/legal4you.ro\\\/ro\\\/#\\\/schema\\\/logo\\\/image\\\/\",\"url\":\"https:\\\/\\\/skymhr.ro\\\/wp-content\\\/uploads\\\/2022\\\/02\\\/skymhr-logo-enfold-01.png\",\"contentUrl\":\"https:\\\/\\\/skymhr.ro\\\/wp-content\\\/uploads\\\/2022\\\/02\\\/skymhr-logo-enfold-01.png\",\"width\":709,\"height\":325,\"caption\":\"SKY mHR\"},\"image\":{\"@id\":\"https:\\\/\\\/legal4you.ro\\\/ro\\\/#\\\/schema\\\/logo\\\/image\\\/\"}}]}<\/script>\n<!-- \/ Yoast SEO plugin. -->","yoast_head_json":{"title":"Contact | Legal4You","robots":{"index":"index","follow":"follow","max-snippet":"max-snippet:-1","max-image-preview":"max-image-preview:large","max-video-preview":"max-video-preview:-1"},"canonical":"https:\/\/legal4you.ro\/ro\/contact\/","og_locale":"ro_RO","og_type":"article","og_title":"Contact | Legal4You","og_url":"https:\/\/legal4you.ro\/ro\/contact\/","og_site_name":"Legal4You","article_modified_time":"2025-09-23T08:00:44+00:00","twitter_card":"summary_large_image","twitter_misc":{"Timp estimat pentru citire":"7 minute"},"schema":{"@context":"https:\/\/schema.org","@graph":[{"@type":"WebPage","@id":"https:\/\/legal4you.ro\/ro\/contact\/","url":"https:\/\/legal4you.ro\/ro\/contact\/","name":"Contact | Legal4You","isPartOf":{"@id":"https:\/\/legal4you.ro\/ro\/#website"},"datePublished":"2021-10-25T09:18:02+00:00","dateModified":"2025-09-23T08:00:44+00:00","breadcrumb":{"@id":"https:\/\/legal4you.ro\/ro\/contact\/#breadcrumb"},"inLanguage":"ro-RO","potentialAction":[{"@type":"ReadAction","target":["https:\/\/legal4you.ro\/ro\/contact\/"]}]},{"@type":"BreadcrumbList","@id":"https:\/\/legal4you.ro\/ro\/contact\/#breadcrumb","itemListElement":[{"@type":"ListItem","position":1,"name":"Prima pagin\u0103","item":"https:\/\/legal4you.ro\/ro\/home\/"},{"@type":"ListItem","position":2,"name":"Contact"}]},{"@type":"WebSite","@id":"https:\/\/legal4you.ro\/ro\/#website","url":"https:\/\/legal4you.ro\/ro\/","name":"Legal4You","description":"Performan\u021b\u0103 pentru tine \u0219i afacerea ta.","publisher":{"@id":"https:\/\/legal4you.ro\/ro\/#organization"},"potentialAction":[{"@type":"SearchAction","target":{"@type":"EntryPoint","urlTemplate":"https:\/\/legal4you.ro\/ro\/?s={search_term_string}"},"query-input":{"@type":"PropertyValueSpecification","valueRequired":true,"valueName":"search_term_string"}}],"inLanguage":"ro-RO"},{"@type":"Organization","@id":"https:\/\/legal4you.ro\/ro\/#organization","name":"SKY mHR","url":"https:\/\/legal4you.ro\/ro\/","logo":{"@type":"ImageObject","inLanguage":"ro-RO","@id":"https:\/\/legal4you.ro\/ro\/#\/schema\/logo\/image\/","url":"https:\/\/skymhr.ro\/wp-content\/uploads\/2022\/02\/skymhr-logo-enfold-01.png","contentUrl":"https:\/\/skymhr.ro\/wp-content\/uploads\/2022\/02\/skymhr-logo-enfold-01.png","width":709,"height":325,"caption":"SKY mHR"},"image":{"@id":"https:\/\/legal4you.ro\/ro\/#\/schema\/logo\/image\/"}}]}},"_links":{"self":[{"href":"https:\/\/legal4you.ro\/ro\/wp-json\/wp\/v2\/pages\/25","targetHints":{"allow":["GET"]}}],"collection":[{"href":"https:\/\/legal4you.ro\/ro\/wp-json\/wp\/v2\/pages"}],"about":[{"href":"https:\/\/legal4you.ro\/ro\/wp-json\/wp\/v2\/types\/page"}],"author":[{"embeddable":true,"href":"https:\/\/legal4you.ro\/ro\/wp-json\/wp\/v2\/users\/1"}],"replies":[{"embeddable":true,"href":"https:\/\/legal4you.ro\/ro\/wp-json\/wp\/v2\/comments?post=25"}],"version-history":[{"count":0,"href":"https:\/\/legal4you.ro\/ro\/wp-json\/wp\/v2\/pages\/25\/revisions"}],"wp:attachment":[{"href":"https:\/\/legal4you.ro\/ro\/wp-json\/wp\/v2\/media?parent=25"}],"curies":[{"name":"wp","href":"https:\/\/api.w.org\/{rel}","templated":true}]}}